{"id":1974,"date":"2025-08-26T21:45:50","date_gmt":"2025-08-26T21:45:50","guid":{"rendered":"https:\/\/fullfactory.net\/?page_id=1974"},"modified":"2025-08-26T21:45:50","modified_gmt":"2025-08-26T21:45:50","slug":"las-piedras","status":"publish","type":"page","link":"https:\/\/empresassanpablo.com\/en\/las-piedras\/","title":{"rendered":"Las Piedras"},"content":{"rendered":"<div data-elementor-type=\"wp-page\" data-elementor-id=\"1974\" class=\"elementor elementor-1974\">\n\t\t\t\t\t\t<section class=\"elementor-section elementor-top-section elementor-element elementor-element-f6ba343 project-details__img elementor-section-boxed elementor-section-height-default elementor-section-height-default\" data-id=\"f6ba343\" data-element_type=\"section\" data-e-type=\"section\">\n\t\t\t\t\t\t<div class=\"elementor-container elementor-column-gap-default\">\n\t\t\t\t\t<div class=\"elementor-column elementor-col-100 elementor-top-column elementor-element elementor-element-e6771c0\" data-id=\"e6771c0\" data-element_type=\"column\" data-e-type=\"column\">\n\t\t\t<div class=\"elementor-widget-wrap elementor-element-populated\">\n\t\t\t\t\t\t<div class=\"elementor-element elementor-element-b2eadef project-details__img elementor-widget elementor-widget-image\" data-id=\"b2eadef\" data-element_type=\"widget\" data-e-type=\"widget\" data-widget_type=\"image.default\">\n\t\t\t\t<div class=\"elementor-widget-container\">\n\t\t\t\t\t\t\t\t\t\t\t\t\t\t\t<img decoding=\"async\" src=\"http:\/\/fullfactory.net\/wp-content\/uploads\/2025\/08\/Invernadero-Las-Piedras-1024x422-1.jpg\" title=\"\" alt=\"\" loading=\"lazy\" \/>\t\t\t\t\t\t\t\t\t\t\t\t\t\t\t<\/div>\n\t\t\t\t<\/div>\n\t\t\t\t\t<\/div>\n\t\t<\/div>\n\t\t\t\t\t<\/div>\n\t\t<\/section>\n\t\t\t\t<section class=\"elementor-section elementor-top-section elementor-element elementor-element-3d5e3fc elementor-section-boxed elementor-section-height-default elementor-section-height-default\" data-id=\"3d5e3fc\" data-element_type=\"section\" data-e-type=\"section\">\n\t\t\t\t\t\t<div class=\"elementor-container elementor-column-gap-default\">\n\t\t\t\t\t<div class=\"elementor-column elementor-col-66 elementor-top-column elementor-element elementor-element-226d85a\" data-id=\"226d85a\" data-element_type=\"column\" data-e-type=\"column\">\n\t\t\t<div class=\"elementor-widget-wrap elementor-element-populated\">\n\t\t\t\t\t\t<div class=\"elementor-element elementor-element-36ad6d4 elementor-widget elementor-widget-heading\" data-id=\"36ad6d4\" data-element_type=\"widget\" data-e-type=\"widget\" data-widget_type=\"heading.default\">\n\t\t\t\t<div class=\"elementor-widget-container\">\n\t\t\t\t\t<h2 class=\"elementor-heading-title elementor-size-default\">I<span style=\"font-size: 2rem\">nvernadero 'Top Vented'<\/span><span style=\"font-size: 2rem\"> para cultivo de fresas y uvas<\/span><span style=\"font-size: 2rem\"><\/span><br><\/h2>\t\t\t\t<\/div>\n\t\t\t\t<\/div>\n\t\t\t\t<div class=\"elementor-element elementor-element-5aaaf34 elementor-widget elementor-widget-heading\" data-id=\"5aaaf34\" data-element_type=\"widget\" data-e-type=\"widget\" data-widget_type=\"heading.default\">\n\t\t\t\t<div class=\"elementor-widget-container\">\n\t\t\t\t\t<p class=\"elementor-heading-title elementor-size-default\">En Empresas Agr\u00edcolas San Pablo celebramos la entrega exitosa de un Invernadero Top Vented certificado por agr\u00f3nomo de NRCS en Las Piedras, Puerto Rico. Dise\u00f1ado para el cultivo de fresas y uvas Rose, este sistema ofrece ventilaci\u00f3n \u00f3ptima, control de temperatura y humedad, y una estructura resistente para maximizar la productividad. Somos expertos en la instalaci\u00f3n de invernaderos en Puerto Rico, brindando soluciones agr\u00edcolas eficientes y adaptadas a las necesidades de cada finca.<\/p>\t\t\t\t<\/div>\n\t\t\t\t<\/div>\n\t\t\t\t<section class=\"elementor-section elementor-inner-section elementor-element elementor-element-d913ee0 elementor-section-boxed elementor-section-height-default elementor-section-height-default\" data-id=\"d913ee0\" data-element_type=\"section\" data-e-type=\"section\">\n\t\t\t\t\t\t<div class=\"elementor-container elementor-column-gap-no\">\n\t\t\t\t\t<div class=\"elementor-column elementor-col-50 elementor-inner-column elementor-element elementor-element-153ed89\" data-id=\"153ed89\" data-element_type=\"column\" data-e-type=\"column\">\n\t\t\t<div class=\"elementor-widget-wrap elementor-element-populated\">\n\t\t\t\t\t\t<div class=\"elementor-element elementor-element-0f32cf8 project-details__points-img elementor-widget elementor-widget-image\" data-id=\"0f32cf8\" data-element_type=\"widget\" data-e-type=\"widget\" data-widget_type=\"image.default\">\n\t\t\t\t<div class=\"elementor-widget-container\">\n\t\t\t\t\t\t\t\t\t\t\t\t\t\t\t<img decoding=\"async\" src=\"http:\/\/fullfactory.net\/wp-content\/uploads\/2025\/09\/Invernadero-Las-Piedras.jpg\" title=\"\" alt=\"\" loading=\"lazy\" \/>\t\t\t\t\t\t\t\t\t\t\t\t\t\t\t<\/div>\n\t\t\t\t<\/div>\n\t\t\t\t\t<\/div>\n\t\t<\/div>\n\t\t\t\t<div class=\"elementor-column elementor-col-50 elementor-inner-column elementor-element elementor-element-c004b07\" data-id=\"c004b07\" data-element_type=\"column\" data-e-type=\"column\">\n\t\t\t<div class=\"elementor-widget-wrap elementor-element-populated\">\n\t\t\t\t\t\t<div class=\"elementor-element elementor-element-6f3fbab elementor-widget elementor-widget-html\" data-id=\"6f3fbab\" data-element_type=\"widget\" data-e-type=\"widget\" data-widget_type=\"html.default\">\n\t\t\t\t<div class=\"elementor-widget-container\">\n\t\t\t\t\t<ul class=\"project-details__points list-unstyled ml-0\">\r\n    <li>\r\n        <div class=\"icon\">\r\n            <span class=\"fa fa-check\"><\/span>\r\n        <\/div>\r\n        <div class=\"text\">\r\n            <p>Ventilaci\u00f3n \u00f3ptima<\/p>\r\n        <\/div>\r\n    <\/li>\r\n    \r\n    <li>\r\n        <div class=\"icon\">\r\n            <span class=\"fa fa-check\"><\/span>\r\n        <\/div>\r\n        <div class=\"text\">\r\n            <p>Control de temperatura y humedad<\/p>\r\n        <\/div>\r\n    <\/li>\r\n    <li>\r\n        <div class=\"icon\">\r\n            <span class=\"fa fa-check\"><\/span>\r\n        <\/div>\r\n        <div class=\"text\">\r\n            <p>Estructura resistente y eficiente<\/p>\r\n        <\/div>\r\n    <\/li>\r\n<\/ul>\r\n\t\t\t\t<\/div>\n\t\t\t\t<\/div>\n\t\t\t\t\t<\/div>\n\t\t<\/div>\n\t\t\t\t\t<\/div>\n\t\t<\/section>\n\t\t\t\t<section class=\"elementor-section elementor-inner-section elementor-element elementor-element-562f98b elementor-section-boxed elementor-section-height-default elementor-section-height-default\" data-id=\"562f98b\" data-element_type=\"section\" data-e-type=\"section\">\n\t\t\t\t\t\t<div class=\"elementor-container elementor-column-gap-no\">\n\t\t\t\t\t<div class=\"elementor-column elementor-col-50 elementor-inner-column elementor-element elementor-element-2e4b53e\" data-id=\"2e4b53e\" data-element_type=\"column\" data-e-type=\"column\">\n\t\t\t<div class=\"elementor-widget-wrap\">\n\t\t\t\t\t\t\t<\/div>\n\t\t<\/div>\n\t\t\t\t<div class=\"elementor-column elementor-col-50 elementor-inner-column elementor-element elementor-element-3a4b74d\" data-id=\"3a4b74d\" data-element_type=\"column\" data-e-type=\"column\">\n\t\t\t<div class=\"elementor-widget-wrap\">\n\t\t\t\t\t\t\t<\/div>\n\t\t<\/div>\n\t\t\t\t\t<\/div>\n\t\t<\/section>\n\t\t\t\t\t<\/div>\n\t\t<\/div>\n\t\t\t\t<div class=\"elementor-column elementor-col-33 elementor-top-column elementor-element elementor-element-e467260\" data-id=\"e467260\" data-element_type=\"column\" data-e-type=\"column\">\n\t\t\t<div class=\"elementor-widget-wrap elementor-element-populated\">\n\t\t\t\t\t\t<div class=\"elementor-element elementor-element-072102e elementor-widget elementor-widget-agrion-sidebar\" data-id=\"072102e\" data-element_type=\"widget\" data-e-type=\"widget\" data-widget_type=\"agrion-sidebar.default\">\n\t\t\t\t<div class=\"elementor-widget-container\">\n\t\t\t\t\t\t<div class=\"project-details__details-box\">\r\n\t\t<img decoding=\"async\" src=\"https:\/\/empresassanpablo.com\/wp-content\/uploads\/2023\/01\/project-details-shape-1.png\" alt=\"alt\" title=\"project-details-shape-1\" class=\"project-details__bg-shape\" >\t\t\t\t\t<ul class=\"list-unstyled project-details__details-list ml-0\">\r\n\t\t\t\t\t\t\t\t\t<li>\r\n\t\t\t\t\t\t<p class=\"project-details__client\">Fecha<\/p>\t\t\t\t\t\t<h4 class=\"project-details__name\">6 de mayo de 2025<\/h4>\t\t\t\t\t<\/li>\r\n\t\t\t\t\t\t\t\t\t<li>\r\n\t\t\t\t\t\t<p class=\"project-details__client project-details__client\">Location<\/p>\t\t\t\t\t\t<h4 class=\"project-details__name project-details__name\">Las Piedras, Puerto Rico<\/h4>\t\t\t\t\t<\/li>\r\n\t\t\t\t\t\t\t\t\t\t\t\t\t<li>\r\n\t\t\t\t\t\t<div class=\"project-details__social\">\r\n\t\t\t\t\t\t\t\t\t\t\t\t\t<\/div>\r\n\t\t\t\t\t<\/li>\r\n\t\t\t\t\t\t\t<\/ul>\r\n\t\t\t<\/div>\r\n\t\t\t\t<\/div>\n\t\t\t\t<\/div>\n\t\t\t\t<div class=\"elementor-element elementor-element-2e0155f elementor-widget elementor-widget-agrion-sidebar\" data-id=\"2e0155f\" data-element_type=\"widget\" data-e-type=\"widget\" data-widget_type=\"agrion-sidebar.default\">\n\t\t\t\t<div class=\"elementor-widget-container\">\n\t\t\t\t\t\t<div class=\"project-details__quote\">\r\n\t\t<h3 class=\"project-details__quote-title\">Solicita una cotizaci\u00f3n<\/h3>\t\t<div class=\"wpcf7 no-js\" id=\"wpcf7-f745-o1\" lang=\"en-US\" dir=\"ltr\" data-wpcf7-id=\"745\">\n<div class=\"screen-reader-response\"><p role=\"status\" aria-live=\"polite\" aria-atomic=\"true\"><\/p> <ul><\/ul><\/div>\n<form action=\"\/en\/wp-json\/wp\/v2\/pages\/1974#wpcf7-f745-o1\" method=\"post\" class=\"wpcf7-form init\" aria-label=\"Contact form\" novalidate=\"novalidate\" data-status=\"init\" data-trp-original-action=\"\/en\/wp-json\/wp\/v2\/pages\/1974#wpcf7-f745-o1\">\n<fieldset class=\"hidden-fields-container\"><input type=\"hidden\" name=\"_wpcf7\" value=\"745\" \/><input type=\"hidden\" name=\"_wpcf7_version\" value=\"6.1.5\" \/><input type=\"hidden\" name=\"_wpcf7_locale\" value=\"en_US\" \/><input type=\"hidden\" name=\"_wpcf7_unit_tag\" value=\"wpcf7-f745-o1\" \/><input type=\"hidden\" name=\"_wpcf7_container_post\" value=\"0\" \/><input type=\"hidden\" name=\"_wpcf7_posted_data_hash\" value=\"\" \/>\n<\/fieldset>\n<div class=\"project-details__input-box\">\n    <span class=\"wpcf7-form-control-wrap\" data-name=\"name\"><input size=\"40\" maxlength=\"400\" class=\"wpcf7-form-control wpcf7-text wpcf7-validates-as-required\" aria-required=\"true\" aria-invalid=\"false\" placeholder=\"Your name\" value=\"\" type=\"text\" name=\"name\" \/><\/span>\n<\/div>\n<div class=\"project-details__input-box\">\n    <span class=\"wpcf7-form-control-wrap\" data-name=\"email-943\"><input size=\"40\" maxlength=\"400\" class=\"wpcf7-form-control wpcf7-email wpcf7-validates-as-required wpcf7-text wpcf7-validates-as-email\" aria-required=\"true\" aria-invalid=\"false\" placeholder=\"Email address\" value=\"\" type=\"email\" name=\"email-943\" \/><\/span>\n<\/div>\n<div class=\"project-details__input-box text-message-box\">\n    <span class=\"wpcf7-form-control-wrap\" data-name=\"message\"><textarea cols=\"40\" rows=\"10\" maxlength=\"2000\" class=\"wpcf7-form-control wpcf7-textarea wpcf7-validates-as-required\" aria-required=\"true\" aria-invalid=\"false\" placeholder=\"Write a Message\" name=\"message\"><\/textarea><\/span>\n<\/div>\n<div class=\"project-details__btn-box\">\n    <button class=\"thm-btn project-details__btn\">Send Message <i class=\"icon-right-arrow\"><\/i> <\/button>\n<\/div><div class=\"wpcf7-response-output\" aria-hidden=\"true\"><\/div>\n<input type=\"hidden\" name=\"trp-form-language\" value=\"en\"\/><\/form>\n<\/div>\t<\/div>\r\n\t\t\t\t<\/div>\n\t\t\t\t<\/div>\n\t\t\t\t\t<\/div>\n\t\t<\/div>\n\t\t\t\t\t<\/div>\n\t\t<\/section>\n\t\t\t\t<\/div>","protected":false},"excerpt":{"rendered":"<p>Invernadero &#8216;Top Vented&#8217; para cultivo de fresas y uvas En Empresas Agr\u00edcolas San Pablo celebramos la entrega exitosa de un Invernadero Top Vented certificado por agr\u00f3nomo de NRCS en Las Piedras, Puerto Rico. Dise\u00f1ado para el cultivo de fresas y uvas Rose, este sistema ofrece ventilaci\u00f3n \u00f3ptima, control de temperatura y humedad, y una estructura [&hellip;]<\/p>\n","protected":false},"author":4,"featured_media":0,"parent":0,"menu_order":0,"comment_status":"closed","ping_status":"closed","template":"elementor_header_footer","meta":{"footnotes":""},"class_list":["post-1974","page","type-page","status-publish","hentry"],"yoast_head":"<!-- This site is optimized with the Yoast SEO plugin v27.4 - https:\/\/yoast.com\/product\/yoast-seo-wordpress\/ -->\n<title>Las Piedras - Empresas Agr\u00edcolas San Pablo<\/title>\n<meta name=\"robots\" content=\"index, follow, max-snippet:-1, max-image-preview:large, max-video-preview:-1\" \/>\n<link rel=\"canonical\" href=\"https:\/\/empresassanpablo.com\/en\/las-piedras\/\" \/>\n<meta property=\"og:locale\" content=\"en_US\" \/>\n<meta property=\"og:type\" content=\"article\" \/>\n<meta property=\"og:title\" content=\"Las Piedras - Empresas Agr\u00edcolas San Pablo\" \/>\n<meta property=\"og:description\" content=\"Invernadero &#8216;Top Vented&#8217; para cultivo de fresas y uvas En Empresas Agr\u00edcolas San Pablo celebramos la entrega exitosa de un Invernadero Top Vented certificado por agr\u00f3nomo de NRCS en Las Piedras, Puerto Rico. Dise\u00f1ado para el cultivo de fresas y uvas Rose, este sistema ofrece ventilaci\u00f3n \u00f3ptima, control de temperatura y humedad, y una estructura [&hellip;]\" \/>\n<meta property=\"og:url\" content=\"https:\/\/empresassanpablo.com\/en\/las-piedras\/\" \/>\n<meta property=\"og:site_name\" content=\"Empresas Agr\u00edcolas San Pablo\" \/>\n<meta property=\"og:image\" content=\"http:\/\/fullfactory.net\/wp-content\/uploads\/2025\/08\/Invernadero-Las-Piedras-1024x422-1.jpg\" \/>\n<meta name=\"twitter:card\" content=\"summary_large_image\" \/>\n<meta name=\"twitter:label1\" content=\"Est. reading time\" \/>\n\t<meta name=\"twitter:data1\" content=\"1 minute\" \/>\n<script type=\"application\/ld+json\" class=\"yoast-schema-graph\">{\"@context\":\"https:\\\/\\\/schema.org\",\"@graph\":[{\"@type\":\"WebPage\",\"@id\":\"https:\\\/\\\/empresassanpablo.com\\\/las-piedras\\\/\",\"url\":\"https:\\\/\\\/empresassanpablo.com\\\/las-piedras\\\/\",\"name\":\"Las Piedras - Empresas Agr\u00edcolas San Pablo\",\"isPartOf\":{\"@id\":\"https:\\\/\\\/empresassanpablo.com\\\/#website\"},\"primaryImageOfPage\":{\"@id\":\"https:\\\/\\\/empresassanpablo.com\\\/las-piedras\\\/#primaryimage\"},\"image\":{\"@id\":\"https:\\\/\\\/empresassanpablo.com\\\/las-piedras\\\/#primaryimage\"},\"thumbnailUrl\":\"http:\\\/\\\/fullfactory.net\\\/wp-content\\\/uploads\\\/2025\\\/08\\\/Invernadero-Las-Piedras-1024x422-1.jpg\",\"datePublished\":\"2025-08-26T21:45:50+00:00\",\"breadcrumb\":{\"@id\":\"https:\\\/\\\/empresassanpablo.com\\\/las-piedras\\\/#breadcrumb\"},\"inLanguage\":\"en-US\",\"potentialAction\":[{\"@type\":\"ReadAction\",\"target\":[\"https:\\\/\\\/empresassanpablo.com\\\/las-piedras\\\/\"]}]},{\"@type\":\"ImageObject\",\"inLanguage\":\"en-US\",\"@id\":\"https:\\\/\\\/empresassanpablo.com\\\/las-piedras\\\/#primaryimage\",\"url\":\"http:\\\/\\\/fullfactory.net\\\/wp-content\\\/uploads\\\/2025\\\/08\\\/Invernadero-Las-Piedras-1024x422-1.jpg\",\"contentUrl\":\"http:\\\/\\\/fullfactory.net\\\/wp-content\\\/uploads\\\/2025\\\/08\\\/Invernadero-Las-Piedras-1024x422-1.jpg\"},{\"@type\":\"BreadcrumbList\",\"@id\":\"https:\\\/\\\/empresassanpablo.com\\\/las-piedras\\\/#breadcrumb\",\"itemListElement\":[{\"@type\":\"ListItem\",\"position\":1,\"name\":\"Portada\",\"item\":\"https:\\\/\\\/empresassanpablo.com\\\/\"},{\"@type\":\"ListItem\",\"position\":2,\"name\":\"Las Piedras\"}]},{\"@type\":\"WebSite\",\"@id\":\"https:\\\/\\\/empresassanpablo.com\\\/#website\",\"url\":\"https:\\\/\\\/empresassanpablo.com\\\/\",\"name\":\"Empresas Agr\u00edcolas San Pablo\",\"description\":\"Su mejor alternativa de Insumos Agr\u00edcolas e Invernaderos en Puerto Rico\",\"publisher\":{\"@id\":\"https:\\\/\\\/empresassanpablo.com\\\/#organization\"},\"potentialAction\":[{\"@type\":\"SearchAction\",\"target\":{\"@type\":\"EntryPoint\",\"urlTemplate\":\"https:\\\/\\\/empresassanpablo.com\\\/?s={search_term_string}\"},\"query-input\":{\"@type\":\"PropertyValueSpecification\",\"valueRequired\":true,\"valueName\":\"search_term_string\"}}],\"inLanguage\":\"en-US\"},{\"@type\":\"Organization\",\"@id\":\"https:\\\/\\\/empresassanpablo.com\\\/#organization\",\"name\":\"Empresas Agr\u00edcolas San Pablo\",\"url\":\"https:\\\/\\\/empresassanpablo.com\\\/\",\"logo\":{\"@type\":\"ImageObject\",\"inLanguage\":\"en-US\",\"@id\":\"https:\\\/\\\/empresassanpablo.com\\\/#\\\/schema\\\/logo\\\/image\\\/\",\"url\":\"https:\\\/\\\/empresassanpablo.com\\\/wp-content\\\/uploads\\\/2025\\\/09\\\/San-Pablo-Logo-Oficial.png\",\"contentUrl\":\"https:\\\/\\\/empresassanpablo.com\\\/wp-content\\\/uploads\\\/2025\\\/09\\\/San-Pablo-Logo-Oficial.png\",\"width\":122,\"height\":122,\"caption\":\"Empresas Agr\u00edcolas San Pablo\"},\"image\":{\"@id\":\"https:\\\/\\\/empresassanpablo.com\\\/#\\\/schema\\\/logo\\\/image\\\/\"}}]}<\/script>\n<!-- \/ Yoast SEO plugin. -->","yoast_head_json":{"title":"Las Piedras - Empresas Agr\u00edcolas San Pablo","robots":{"index":"index","follow":"follow","max-snippet":"max-snippet:-1","max-image-preview":"max-image-preview:large","max-video-preview":"max-video-preview:-1"},"canonical":"https:\/\/empresassanpablo.com\/en\/las-piedras\/","og_locale":"en_US","og_type":"article","og_title":"Las Piedras - Empresas Agr\u00edcolas San Pablo","og_description":"Invernadero &#8216;Top Vented&#8217; para cultivo de fresas y uvas En Empresas Agr\u00edcolas San Pablo celebramos la entrega exitosa de un Invernadero Top Vented certificado por agr\u00f3nomo de NRCS en Las Piedras, Puerto Rico. Dise\u00f1ado para el cultivo de fresas y uvas Rose, este sistema ofrece ventilaci\u00f3n \u00f3ptima, control de temperatura y humedad, y una estructura [&hellip;]","og_url":"https:\/\/empresassanpablo.com\/en\/las-piedras\/","og_site_name":"Empresas Agr\u00edcolas San Pablo","og_image":[{"url":"http:\/\/fullfactory.net\/wp-content\/uploads\/2025\/08\/Invernadero-Las-Piedras-1024x422-1.jpg","type":"","width":"","height":""}],"twitter_card":"summary_large_image","twitter_misc":{"Est. reading time":"1 minute"},"schema":{"@context":"https:\/\/schema.org","@graph":[{"@type":"WebPage","@id":"https:\/\/empresassanpablo.com\/las-piedras\/","url":"https:\/\/empresassanpablo.com\/las-piedras\/","name":"Las Piedras - Empresas Agr\u00edcolas San Pablo","isPartOf":{"@id":"https:\/\/empresassanpablo.com\/#website"},"primaryImageOfPage":{"@id":"https:\/\/empresassanpablo.com\/las-piedras\/#primaryimage"},"image":{"@id":"https:\/\/empresassanpablo.com\/las-piedras\/#primaryimage"},"thumbnailUrl":"http:\/\/fullfactory.net\/wp-content\/uploads\/2025\/08\/Invernadero-Las-Piedras-1024x422-1.jpg","datePublished":"2025-08-26T21:45:50+00:00","breadcrumb":{"@id":"https:\/\/empresassanpablo.com\/las-piedras\/#breadcrumb"},"inLanguage":"en-US","potentialAction":[{"@type":"ReadAction","target":["https:\/\/empresassanpablo.com\/las-piedras\/"]}]},{"@type":"ImageObject","inLanguage":"en-US","@id":"https:\/\/empresassanpablo.com\/las-piedras\/#primaryimage","url":"http:\/\/fullfactory.net\/wp-content\/uploads\/2025\/08\/Invernadero-Las-Piedras-1024x422-1.jpg","contentUrl":"http:\/\/fullfactory.net\/wp-content\/uploads\/2025\/08\/Invernadero-Las-Piedras-1024x422-1.jpg"},{"@type":"BreadcrumbList","@id":"https:\/\/empresassanpablo.com\/las-piedras\/#breadcrumb","itemListElement":[{"@type":"ListItem","position":1,"name":"Portada","item":"https:\/\/empresassanpablo.com\/"},{"@type":"ListItem","position":2,"name":"Las Piedras"}]},{"@type":"WebSite","@id":"https:\/\/empresassanpablo.com\/#website","url":"https:\/\/empresassanpablo.com\/","name":"Empresas Agr\u00edcolas San Pablo","description":"Su mejor alternativa de Insumos Agr\u00edcolas e Invernaderos en Puerto Rico","publisher":{"@id":"https:\/\/empresassanpablo.com\/#organization"},"potentialAction":[{"@type":"SearchAction","target":{"@type":"EntryPoint","urlTemplate":"https:\/\/empresassanpablo.com\/?s={search_term_string}"},"query-input":{"@type":"PropertyValueSpecification","valueRequired":true,"valueName":"search_term_string"}}],"inLanguage":"en-US"},{"@type":"Organization","@id":"https:\/\/empresassanpablo.com\/#organization","name":"Empresas Agr\u00edcolas San Pablo","url":"https:\/\/empresassanpablo.com\/","logo":{"@type":"ImageObject","inLanguage":"en-US","@id":"https:\/\/empresassanpablo.com\/#\/schema\/logo\/image\/","url":"https:\/\/empresassanpablo.com\/wp-content\/uploads\/2025\/09\/San-Pablo-Logo-Oficial.png","contentUrl":"https:\/\/empresassanpablo.com\/wp-content\/uploads\/2025\/09\/San-Pablo-Logo-Oficial.png","width":122,"height":122,"caption":"Empresas Agr\u00edcolas San Pablo"},"image":{"@id":"https:\/\/empresassanpablo.com\/#\/schema\/logo\/image\/"}}]}},"_links":{"self":[{"href":"https:\/\/empresassanpablo.com\/en\/wp-json\/wp\/v2\/pages\/1974","targetHints":{"allow":["GET"]}}],"collection":[{"href":"https:\/\/empresassanpablo.com\/en\/wp-json\/wp\/v2\/pages"}],"about":[{"href":"https:\/\/empresassanpablo.com\/en\/wp-json\/wp\/v2\/types\/page"}],"author":[{"embeddable":true,"href":"https:\/\/empresassanpablo.com\/en\/wp-json\/wp\/v2\/users\/4"}],"replies":[{"embeddable":true,"href":"https:\/\/empresassanpablo.com\/en\/wp-json\/wp\/v2\/comments?post=1974"}],"version-history":[{"count":0,"href":"https:\/\/empresassanpablo.com\/en\/wp-json\/wp\/v2\/pages\/1974\/revisions"}],"wp:attachment":[{"href":"https:\/\/empresassanpablo.com\/en\/wp-json\/wp\/v2\/media?parent=1974"}],"curies":[{"name":"wp","href":"https:\/\/api.w.org\/{rel}","templated":true}]}}