{"id":3209,"date":"2023-01-23T07:36:06","date_gmt":"2023-01-23T07:36:06","guid":{"rendered":"http:\/\/bracketweb.com\/agrionwp\/?page_id=67"},"modified":"2025-11-19T10:16:06","modified_gmt":"2025-11-19T14:16:06","slug":"nosotros","status":"publish","type":"page","link":"https:\/\/empresassanpablo.com\/en\/nosotros\/","title":{"rendered":"About us"},"content":{"rendered":"<div data-elementor-type=\"wp-page\" data-elementor-id=\"3209\" class=\"elementor elementor-3209\">\n\t\t\t\t\t\t<section class=\"elementor-section elementor-top-section elementor-element elementor-element-286c5df elementor-section-full_width elementor-section-height-default elementor-section-height-default\" data-id=\"286c5df\" data-element_type=\"section\" data-e-type=\"section\">\n\t\t\t\t\t\t<div class=\"elementor-container elementor-column-gap-no\">\n\t\t\t\t\t<div class=\"elementor-column elementor-col-100 elementor-top-column elementor-element elementor-element-98c8ba0\" data-id=\"98c8ba0\" data-element_type=\"column\" data-e-type=\"column\">\n\t\t\t<div class=\"elementor-widget-wrap elementor-element-populated\">\n\t\t\t\t\t\t<div class=\"elementor-element elementor-element-28c8475 elementor-widget elementor-widget-agrion-about\" data-id=\"28c8475\" data-element_type=\"widget\" data-e-type=\"widget\" data-widget_type=\"agrion-about.default\">\n\t\t\t\t<div class=\"elementor-widget-container\">\n\t\t\t\t\t    <!--About Three Start-->\r\n    <section class=\"about-three\">\r\n        <div class=\"container\">\r\n            <div class=\"row\">\r\n                <div class=\"col-xl-6\">\r\n                    <div class=\"about-three__left\">\r\n                        <div class=\"row\">\r\n                            <div class=\"col-xl-6 col-lg-6 col-md-6\">\r\n                                <div class=\"about-three__left-single\">\r\n                                    <div class=\"about-three__left-img\">\r\n                                        <img decoding=\"async\" src=\"https:\/\/empresassanpablo.com\/wp-content\/uploads\/2025\/08\/nosotros-san-pablo-01.jpg\" alt=\"nosotros-san-pablo-01\" title=\"nosotros-san-pablo-01\" >                                    <\/div>\r\n                                    <div class=\"about-three__left-img about-three__left-img--2\">\r\n                                        <img decoding=\"async\" src=\"https:\/\/empresassanpablo.com\/wp-content\/uploads\/2025\/08\/nosotros-san-pablo-02.jpg\" alt=\"nosotros-san-pablo-02\" title=\"nosotros-san-pablo-02\" >                                    <\/div>\r\n                                <\/div>\r\n                            <\/div>\r\n                            <div class=\"col-xl-6 col-lg-6 col-md-6\">\r\n                                <div class=\"about-three__left-single\">\r\n                                    <div class=\"about-three__left-img\">\r\n                                        <img decoding=\"async\" src=\"https:\/\/empresassanpablo.com\/wp-content\/uploads\/2025\/08\/nosotros-san-pablo-03.jpg\" alt=\"nosotros-san-pablo-03\" title=\"nosotros-san-pablo-03\" >                                    <\/div>\r\n                                <\/div>\r\n                            <\/div>\r\n                        <\/div>\r\n                    <\/div>\r\n                <\/div>\r\n                <div class=\"col-xl-6\">\r\n                    <div class=\"about-three__right\">\r\n                                                    <div class=\"section-title text-left\">\r\n                                <span class=\"section-title__tagline\">EMPRESAS AGR\u00cdCOLAS SAN PABLO<\/span><h2 class=\"section-title__title\">Four Decades Cultivating Agricultural Innovation in Puerto Rico<\/h2>                                <div class=\"section-title__icon\">\r\n                                                                    <\/div>\r\n                            <\/div>\r\n                                                <p class=\"about-three__text-1\">At Empresas Agr\u00edcolas San Pablo, we combine experience, vision, and commitment to help transform the agricultural landscape of Puerto Rico. Our story began in 1985, when Pedro V\u00e1zquez and Carmen Pol started farming coffee and plantains on just five cuerdas of land in Lares, Puerto Rico, with the support of family members and government agencies. That small effort quickly grew into Vivero San Pablo, marking the beginning of a long-standing journey in Puerto Rican agriculture.<br \/> <br \/> \nOver the years, our passion for farming led us to diversify into the production of ornamental plants, fruit trees, and coffee, and later into agricultural structures and innovative technologies such as hydroponic systems. As we continued to grow, we acquired larger farms, traveled abroad to learn about the future of agriculture, and began importing and installing custom agricultural structures from Europe and other international markets.<br \/> <br \/> \nThis evolution gave rise to Empresas Agr\u00edcolas San Pablo, Inc., a pioneer in greenhouse manufacturing in Puerto Rico, offering proprietary designs and agricultural solutions adapted to local climate conditions and production needs. Today, we operate from our farm in Barrio Buenos Aires, Lares, providing a comprehensive selection of agricultural supplies, including growing media, fertilizers, specialized plastics, agricultural netting, coffee processing equipment, and much more.<br \/> <br \/> \nThroughout our history, we have collaborated with schools, universities, government institutions, rehabilitation programs, and community-based projects across the island. What began as a family dream has grown into a solid, forward-thinking company that continues to evolve, innovate, and cultivate opportunities for the future of agriculture in Puerto Rico.<\/p>                                                    <ul class=\"list-unstyled about-three__points ml-0\">\r\n                                                            <\/ul>\r\n                                                                            <div class=\"about-three__progress\">\r\n                                                                    <div class=\"about-three__progress-single\">\r\n                                        <h4 class=\"about-three__progress-title\"><\/h4>\r\n                                        <div class=\"bar\">\r\n                                            <div class=\"bar-inner count-bar\" data-percent=\"100%\">\r\n                                                <div class=\"count-text\">100%<\/div>\r\n                                            <\/div>\r\n                                        <\/div>\r\n                                    <\/div>\r\n                                                            <\/div>\r\n                                            <\/div>\r\n                <\/div>\r\n            <\/div>\r\n        <\/div>\r\n    <\/section>\r\n    <!--About Three End-->\r\n\r\n\t\t\t\t<\/div>\n\t\t\t\t<\/div>\n\t\t\t\t\t<\/div>\n\t\t<\/div>\n\t\t\t\t\t<\/div>\n\t\t<\/section>\n\t\t\t\t<section class=\"elementor-section elementor-top-section elementor-element elementor-element-735406ae elementor-section-full_width elementor-section-height-default elementor-section-height-default\" data-id=\"735406ae\" data-element_type=\"section\" data-e-type=\"section\">\n\t\t\t\t\t\t<div class=\"elementor-container elementor-column-gap-no\">\n\t\t\t\t\t<div class=\"elementor-column elementor-col-100 elementor-top-column elementor-element elementor-element-50ce11cc\" data-id=\"50ce11cc\" data-element_type=\"column\" data-e-type=\"column\">\n\t\t\t<div class=\"elementor-widget-wrap elementor-element-populated\">\n\t\t\t\t\t\t<div class=\"elementor-element elementor-element-365e7ed2 elementor-widget elementor-widget-agrion-about\" data-id=\"365e7ed2\" data-element_type=\"widget\" data-e-type=\"widget\" data-widget_type=\"agrion-about.default\">\n\t\t\t\t<div class=\"elementor-widget-container\">\n\t\t\t\t\t\r\n    <!--Provide One Start-->\r\n    <section class=\"Provide-One\">\r\n        <div class=\"Provide-One__wrap\">\r\n            <div class=\"Provide-One__left\">\r\n                <div class=\"Provide-One__bg\" style=\"background-image: url(http:\/\/fullfactory.net\/wp-content\/uploads\/2025\/08\/nosotros-san-pablo-mision.jpg);\"><\/div>\r\n                <div class=\"provide-one__sopport\">\r\n                    <div class=\"provide-one__support-icon\">\r\n                                            <\/div>\r\n                                    <\/div>\r\n            <\/div>\r\n            <div class=\"Provide-One__right\">\r\n                <div class=\"provide-one__bg-shape float-bob-x\">\r\n                                    <\/div>\r\n                <div class=\"Provide-One__content\">\r\n                                            <div class=\"section-title text-left\">\r\n                            <h2 class=\"section-title__title\">Our Mission<\/h2>\r\n                            <div class=\"section-title__icon\">\r\n                                                            <\/div>\r\n\r\n                        <\/div>\r\n                                        <p class=\"Provide-One__text\">To provide integrated agricultural solutions that support every stage of agricultural production in Puerto Rico, from planting to harvest. We are committed to strengthening the local economy by offering high-quality agricultural products, modern farming technologies, and exceptional service that ensures the satisfaction of both our internal and external customers.<\/p>                                            <div class=\"Provide-One__progress-wrap\">\r\n                                                    <\/div>\r\n                                    <\/div>\r\n            <\/div>\r\n        <\/div>\r\n    <\/section>\r\n    <!--Provide One End-->\r\n\t\t\t\t<\/div>\n\t\t\t\t<\/div>\n\t\t\t\t<div class=\"elementor-element elementor-element-f184c04 elementor-widget elementor-widget-agrion-about\" data-id=\"f184c04\" data-element_type=\"widget\" data-e-type=\"widget\" data-widget_type=\"agrion-about.default\">\n\t\t\t\t<div class=\"elementor-widget-container\">\n\t\t\t\t\t\r\n    <!--Provide One Start-->\r\n    <section class=\"Provide-One\">\r\n        <div class=\"Provide-One__wrap\">\r\n            <div class=\"Provide-One__left\">\r\n                <div class=\"Provide-One__bg\" style=\"background-image: url(http:\/\/fullfactory.net\/wp-content\/uploads\/2025\/08\/nosotros-san-pablo-vision.jpg);\"><\/div>\r\n                <div class=\"provide-one__sopport\">\r\n                    <div class=\"provide-one__support-icon\">\r\n                                            <\/div>\r\n                                    <\/div>\r\n            <\/div>\r\n            <div class=\"Provide-One__right\">\r\n                <div class=\"provide-one__bg-shape float-bob-x\">\r\n                                    <\/div>\r\n                <div class=\"Provide-One__content\">\r\n                                            <div class=\"section-title text-left\">\r\n                            <h2 class=\"section-title__title\">Our Vision<\/h2>\r\n                            <div class=\"section-title__icon\">\r\n                                                            <\/div>\r\n\r\n                        <\/div>\r\n                                        <p class=\"Provide-One__text\">To become a trusted strategic partner for farmers, producers, and suppliers, fostering the growth and development of our team while achieving sustainable, long-term goals. We aspire to be leaders in the agricultural sector by driving agricultural innovation, increasing productivity, and maintaining a strong commitment to social and environmental responsibility.<\/p>                                            <div class=\"Provide-One__progress-wrap\">\r\n                                                    <\/div>\r\n                                    <\/div>\r\n            <\/div>\r\n        <\/div>\r\n    <\/section>\r\n    <!--Provide One End-->\r\n\t\t\t\t<\/div>\n\t\t\t\t<\/div>\n\t\t\t\t\t<\/div>\n\t\t<\/div>\n\t\t\t\t\t<\/div>\n\t\t<\/section>\n\t\t\t\t<\/div>","protected":false},"excerpt":{"rendered":"<p>EMPRESAS AGR\u00cdCOLAS SAN PABLO Cuatro d\u00e9cadas cultivando innovaci\u00f3n agr\u00edcola en Puerto Rico En Empresas Agr\u00edcolas San Pablo combinamos experiencia, visi\u00f3n y compromiso para transformar el panorama agr\u00edcola de Puerto Rico. Nuestra historia comenz\u00f3 en 1985, cuando Pedro V\u00e1zquez y Carmen Pol iniciaron con tan solo cinco cuerdas de terreno en Lares, sembrando caf\u00e9 y pl\u00e1tanos [&hellip;]<\/p>\n","protected":false},"author":4,"featured_media":0,"parent":0,"menu_order":0,"comment_status":"closed","ping_status":"closed","template":"elementor_header_footer","meta":{"footnotes":""},"class_list":["post-3209","page","type-page","status-publish","hentry"],"yoast_head":"<!-- This site is optimized with the Yoast SEO plugin v27.4 - https:\/\/yoast.com\/product\/yoast-seo-wordpress\/ -->\n<title>Nosotros - Empresas Agr\u00edcolas San Pablo<\/title>\n<meta name=\"robots\" content=\"index, follow, max-snippet:-1, max-image-preview:large, max-video-preview:-1\" \/>\n<link rel=\"canonical\" href=\"https:\/\/empresassanpablo.com\/en\/nosotros\/\" \/>\n<meta property=\"og:locale\" content=\"en_US\" \/>\n<meta property=\"og:type\" content=\"article\" \/>\n<meta property=\"og:title\" content=\"Nosotros - Empresas Agr\u00edcolas San Pablo\" \/>\n<meta property=\"og:description\" content=\"EMPRESAS AGR\u00cdCOLAS SAN PABLO Cuatro d\u00e9cadas cultivando innovaci\u00f3n agr\u00edcola en Puerto Rico En Empresas Agr\u00edcolas San Pablo combinamos experiencia, visi\u00f3n y compromiso para transformar el panorama agr\u00edcola de Puerto Rico. Nuestra historia comenz\u00f3 en 1985, cuando Pedro V\u00e1zquez y Carmen Pol iniciaron con tan solo cinco cuerdas de terreno en Lares, sembrando caf\u00e9 y pl\u00e1tanos [&hellip;]\" \/>\n<meta property=\"og:url\" content=\"https:\/\/empresassanpablo.com\/en\/nosotros\/\" \/>\n<meta property=\"og:site_name\" content=\"Empresas Agr\u00edcolas San Pablo\" \/>\n<meta property=\"article:modified_time\" content=\"2025-11-19T14:16:06+00:00\" \/>\n<meta property=\"og:image\" content=\"https:\/\/empresassanpablo.com\/wp-content\/uploads\/2025\/08\/nosotros-san-pablo-01.jpg\" \/>\n<meta name=\"twitter:card\" content=\"summary_large_image\" \/>\n<meta name=\"twitter:label1\" content=\"Est. reading time\" \/>\n\t<meta name=\"twitter:data1\" content=\"3 minutes\" \/>\n<script type=\"application\/ld+json\" class=\"yoast-schema-graph\">{\"@context\":\"https:\\\/\\\/schema.org\",\"@graph\":[{\"@type\":\"WebPage\",\"@id\":\"https:\\\/\\\/empresassanpablo.com\\\/nosotros\\\/\",\"url\":\"https:\\\/\\\/empresassanpablo.com\\\/nosotros\\\/\",\"name\":\"Nosotros - Empresas Agr\u00edcolas San Pablo\",\"isPartOf\":{\"@id\":\"https:\\\/\\\/empresassanpablo.com\\\/#website\"},\"primaryImageOfPage\":{\"@id\":\"https:\\\/\\\/empresassanpablo.com\\\/nosotros\\\/#primaryimage\"},\"image\":{\"@id\":\"https:\\\/\\\/empresassanpablo.com\\\/nosotros\\\/#primaryimage\"},\"thumbnailUrl\":\"https:\\\/\\\/empresassanpablo.com\\\/wp-content\\\/uploads\\\/2025\\\/08\\\/nosotros-san-pablo-01.jpg\",\"datePublished\":\"2023-01-23T07:36:06+00:00\",\"dateModified\":\"2025-11-19T14:16:06+00:00\",\"breadcrumb\":{\"@id\":\"https:\\\/\\\/empresassanpablo.com\\\/nosotros\\\/#breadcrumb\"},\"inLanguage\":\"en-US\",\"potentialAction\":[{\"@type\":\"ReadAction\",\"target\":[\"https:\\\/\\\/empresassanpablo.com\\\/nosotros\\\/\"]}]},{\"@type\":\"ImageObject\",\"inLanguage\":\"en-US\",\"@id\":\"https:\\\/\\\/empresassanpablo.com\\\/nosotros\\\/#primaryimage\",\"url\":\"https:\\\/\\\/empresassanpablo.com\\\/wp-content\\\/uploads\\\/2025\\\/08\\\/nosotros-san-pablo-01.jpg\",\"contentUrl\":\"https:\\\/\\\/empresassanpablo.com\\\/wp-content\\\/uploads\\\/2025\\\/08\\\/nosotros-san-pablo-01.jpg\"},{\"@type\":\"BreadcrumbList\",\"@id\":\"https:\\\/\\\/empresassanpablo.com\\\/nosotros\\\/#breadcrumb\",\"itemListElement\":[{\"@type\":\"ListItem\",\"position\":1,\"name\":\"Portada\",\"item\":\"https:\\\/\\\/empresassanpablo.com\\\/\"},{\"@type\":\"ListItem\",\"position\":2,\"name\":\"Nosotros\"}]},{\"@type\":\"WebSite\",\"@id\":\"https:\\\/\\\/empresassanpablo.com\\\/#website\",\"url\":\"https:\\\/\\\/empresassanpablo.com\\\/\",\"name\":\"Empresas Agr\u00edcolas San Pablo\",\"description\":\"Su mejor alternativa de Insumos Agr\u00edcolas e Invernaderos en Puerto Rico\",\"publisher\":{\"@id\":\"https:\\\/\\\/empresassanpablo.com\\\/#organization\"},\"potentialAction\":[{\"@type\":\"SearchAction\",\"target\":{\"@type\":\"EntryPoint\",\"urlTemplate\":\"https:\\\/\\\/empresassanpablo.com\\\/?s={search_term_string}\"},\"query-input\":{\"@type\":\"PropertyValueSpecification\",\"valueRequired\":true,\"valueName\":\"search_term_string\"}}],\"inLanguage\":\"en-US\"},{\"@type\":\"Organization\",\"@id\":\"https:\\\/\\\/empresassanpablo.com\\\/#organization\",\"name\":\"Empresas Agr\u00edcolas San Pablo\",\"url\":\"https:\\\/\\\/empresassanpablo.com\\\/\",\"logo\":{\"@type\":\"ImageObject\",\"inLanguage\":\"en-US\",\"@id\":\"https:\\\/\\\/empresassanpablo.com\\\/#\\\/schema\\\/logo\\\/image\\\/\",\"url\":\"https:\\\/\\\/empresassanpablo.com\\\/wp-content\\\/uploads\\\/2025\\\/09\\\/San-Pablo-Logo-Oficial.png\",\"contentUrl\":\"https:\\\/\\\/empresassanpablo.com\\\/wp-content\\\/uploads\\\/2025\\\/09\\\/San-Pablo-Logo-Oficial.png\",\"width\":122,\"height\":122,\"caption\":\"Empresas Agr\u00edcolas San Pablo\"},\"image\":{\"@id\":\"https:\\\/\\\/empresassanpablo.com\\\/#\\\/schema\\\/logo\\\/image\\\/\"}}]}<\/script>\n<!-- \/ Yoast SEO plugin. -->","yoast_head_json":{"title":"Nosotros - Empresas Agr\u00edcolas San Pablo","robots":{"index":"index","follow":"follow","max-snippet":"max-snippet:-1","max-image-preview":"max-image-preview:large","max-video-preview":"max-video-preview:-1"},"canonical":"https:\/\/empresassanpablo.com\/en\/nosotros\/","og_locale":"en_US","og_type":"article","og_title":"Nosotros - Empresas Agr\u00edcolas San Pablo","og_description":"EMPRESAS AGR\u00cdCOLAS SAN PABLO Cuatro d\u00e9cadas cultivando innovaci\u00f3n agr\u00edcola en Puerto Rico En Empresas Agr\u00edcolas San Pablo combinamos experiencia, visi\u00f3n y compromiso para transformar el panorama agr\u00edcola de Puerto Rico. Nuestra historia comenz\u00f3 en 1985, cuando Pedro V\u00e1zquez y Carmen Pol iniciaron con tan solo cinco cuerdas de terreno en Lares, sembrando caf\u00e9 y pl\u00e1tanos [&hellip;]","og_url":"https:\/\/empresassanpablo.com\/en\/nosotros\/","og_site_name":"Empresas Agr\u00edcolas San Pablo","article_modified_time":"2025-11-19T14:16:06+00:00","og_image":[{"url":"https:\/\/empresassanpablo.com\/wp-content\/uploads\/2025\/08\/nosotros-san-pablo-01.jpg","type":"","width":"","height":""}],"twitter_card":"summary_large_image","twitter_misc":{"Est. reading time":"3 minutes"},"schema":{"@context":"https:\/\/schema.org","@graph":[{"@type":"WebPage","@id":"https:\/\/empresassanpablo.com\/nosotros\/","url":"https:\/\/empresassanpablo.com\/nosotros\/","name":"Nosotros - Empresas Agr\u00edcolas San Pablo","isPartOf":{"@id":"https:\/\/empresassanpablo.com\/#website"},"primaryImageOfPage":{"@id":"https:\/\/empresassanpablo.com\/nosotros\/#primaryimage"},"image":{"@id":"https:\/\/empresassanpablo.com\/nosotros\/#primaryimage"},"thumbnailUrl":"https:\/\/empresassanpablo.com\/wp-content\/uploads\/2025\/08\/nosotros-san-pablo-01.jpg","datePublished":"2023-01-23T07:36:06+00:00","dateModified":"2025-11-19T14:16:06+00:00","breadcrumb":{"@id":"https:\/\/empresassanpablo.com\/nosotros\/#breadcrumb"},"inLanguage":"en-US","potentialAction":[{"@type":"ReadAction","target":["https:\/\/empresassanpablo.com\/nosotros\/"]}]},{"@type":"ImageObject","inLanguage":"en-US","@id":"https:\/\/empresassanpablo.com\/nosotros\/#primaryimage","url":"https:\/\/empresassanpablo.com\/wp-content\/uploads\/2025\/08\/nosotros-san-pablo-01.jpg","contentUrl":"https:\/\/empresassanpablo.com\/wp-content\/uploads\/2025\/08\/nosotros-san-pablo-01.jpg"},{"@type":"BreadcrumbList","@id":"https:\/\/empresassanpablo.com\/nosotros\/#breadcrumb","itemListElement":[{"@type":"ListItem","position":1,"name":"Portada","item":"https:\/\/empresassanpablo.com\/"},{"@type":"ListItem","position":2,"name":"Nosotros"}]},{"@type":"WebSite","@id":"https:\/\/empresassanpablo.com\/#website","url":"https:\/\/empresassanpablo.com\/","name":"Empresas Agr\u00edcolas San Pablo","description":"Su mejor alternativa de Insumos Agr\u00edcolas e Invernaderos en Puerto Rico","publisher":{"@id":"https:\/\/empresassanpablo.com\/#organization"},"potentialAction":[{"@type":"SearchAction","target":{"@type":"EntryPoint","urlTemplate":"https:\/\/empresassanpablo.com\/?s={search_term_string}"},"query-input":{"@type":"PropertyValueSpecification","valueRequired":true,"valueName":"search_term_string"}}],"inLanguage":"en-US"},{"@type":"Organization","@id":"https:\/\/empresassanpablo.com\/#organization","name":"Empresas Agr\u00edcolas San Pablo","url":"https:\/\/empresassanpablo.com\/","logo":{"@type":"ImageObject","inLanguage":"en-US","@id":"https:\/\/empresassanpablo.com\/#\/schema\/logo\/image\/","url":"https:\/\/empresassanpablo.com\/wp-content\/uploads\/2025\/09\/San-Pablo-Logo-Oficial.png","contentUrl":"https:\/\/empresassanpablo.com\/wp-content\/uploads\/2025\/09\/San-Pablo-Logo-Oficial.png","width":122,"height":122,"caption":"Empresas Agr\u00edcolas San Pablo"},"image":{"@id":"https:\/\/empresassanpablo.com\/#\/schema\/logo\/image\/"}}]}},"_links":{"self":[{"href":"https:\/\/empresassanpablo.com\/en\/wp-json\/wp\/v2\/pages\/3209","targetHints":{"allow":["GET"]}}],"collection":[{"href":"https:\/\/empresassanpablo.com\/en\/wp-json\/wp\/v2\/pages"}],"about":[{"href":"https:\/\/empresassanpablo.com\/en\/wp-json\/wp\/v2\/types\/page"}],"author":[{"embeddable":true,"href":"https:\/\/empresassanpablo.com\/en\/wp-json\/wp\/v2\/users\/4"}],"replies":[{"embeddable":true,"href":"https:\/\/empresassanpablo.com\/en\/wp-json\/wp\/v2\/comments?post=3209"}],"version-history":[{"count":6,"href":"https:\/\/empresassanpablo.com\/en\/wp-json\/wp\/v2\/pages\/3209\/revisions"}],"predecessor-version":[{"id":3390,"href":"https:\/\/empresassanpablo.com\/en\/wp-json\/wp\/v2\/pages\/3209\/revisions\/3390"}],"wp:attachment":[{"href":"https:\/\/empresassanpablo.com\/en\/wp-json\/wp\/v2\/media?parent=3209"}],"curies":[{"name":"wp","href":"https:\/\/api.w.org\/{rel}","templated":true}]}}