{"id":3226,"date":"2023-01-23T07:44:15","date_gmt":"2023-01-23T07:44:15","guid":{"rendered":"http:\/\/bracketweb.com\/agrionwp\/?page_id=85"},"modified":"2023-01-23T07:44:15","modified_gmt":"2023-01-23T07:44:15","slug":"contacto","status":"publish","type":"page","link":"https:\/\/empresassanpablo.com\/en\/contacto\/","title":{"rendered":"Contact"},"content":{"rendered":"<div data-elementor-type=\"wp-page\" data-elementor-id=\"3226\" class=\"elementor elementor-3226\">\n\t\t\t\t\t\t<section class=\"elementor-section elementor-top-section elementor-element elementor-element-5af4d2a elementor-section-boxed elementor-section-height-default elementor-section-height-default\" data-id=\"5af4d2a\" data-element_type=\"section\" data-e-type=\"section\">\n\t\t\t\t\t\t<div class=\"elementor-container elementor-column-gap-default\">\n\t\t\t\t\t<div class=\"elementor-column elementor-col-100 elementor-top-column elementor-element elementor-element-2631f8c\" data-id=\"2631f8c\" data-element_type=\"column\" data-e-type=\"column\">\n\t\t\t<div class=\"elementor-widget-wrap elementor-element-populated\">\n\t\t\t\t\t\t<div class=\"elementor-element elementor-element-7c02c5a elementor-widget elementor-widget-agrion-google-maps\" data-id=\"7c02c5a\" data-element_type=\"widget\" data-e-type=\"widget\" data-widget_type=\"agrion-google-maps.default\">\n\t\t\t\t<div class=\"elementor-widget-container\">\n\t\t\t\t\t<div class=\"elementor-custom-embed\">\r\n\t<iframe src=\"https:\/\/maps.google.com\/maps?q=Empresas%20Agricolas%20San%20Pablo&#038;t=m&#038;z=12&#038;output=embed&#038;iwloc=near\" title=\"Empresas Agricolas San Pablo\" aria-label=\"Empresas Agricolas San Pablo\"><\/iframe>\r\n<\/div>\t\t\t\t<\/div>\n\t\t\t\t<\/div>\n\t\t\t\t\t<\/div>\n\t\t<\/div>\n\t\t\t\t\t<\/div>\n\t\t<\/section>\n\t\t\t\t<section class=\"elementor-section elementor-top-section elementor-element elementor-element-bdfa230 elementor-section-stretched elementor-section-boxed elementor-section-height-default elementor-section-height-default\" data-id=\"bdfa230\" data-element_type=\"section\" data-e-type=\"section\" data-settings=\"{&quot;stretch_section&quot;:&quot;section-stretched&quot;}\">\n\t\t\t\t\t\t<div class=\"elementor-container elementor-column-gap-no\">\n\t\t\t\t\t<div class=\"elementor-column elementor-col-100 elementor-top-column elementor-element elementor-element-4e4a760\" data-id=\"4e4a760\" data-element_type=\"column\" data-e-type=\"column\">\n\t\t\t<div class=\"elementor-widget-wrap elementor-element-populated\">\n\t\t\t\t\t\t<div class=\"elementor-element elementor-element-dcb1469 elementor-widget elementor-widget-agrion-contact-info\" data-id=\"dcb1469\" data-element_type=\"widget\" data-e-type=\"widget\" data-widget_type=\"agrion-contact-info.default\">\n\t\t\t\t<div class=\"elementor-widget-container\">\n\t\t\t\t\t    <div class=\"container\">\r\n        <div class=\"contact-details\">\r\n            <div class=\"row\">\r\n                                                            <div class=\"col-xl-3 col-lg-6 col-md-6\">\r\n                            <div class=\"contact-details__single\">\r\n                                <div class=\"contact-details__icon icon-svg\">\r\n                                    <span aria-hidden=\"true\" class=\"icon-help\"><\/span>                                <\/div>\r\n                                <div class=\"contact-details__text\">\r\n                                    <p class=\"\">Contact Us<\/p>                                    <h3>\r\n                                        787-897-7745<br \/>787-897-8686                                    <\/h3>\r\n                                <\/div>\r\n                            <\/div>\r\n                        <\/div>\r\n                                            <div class=\"col-xl-3 col-lg-6 col-md-6\">\r\n                            <div class=\"contact-details__single\">\r\n                                <div class=\"contact-details__icon icon-svg\">\r\n                                    <span aria-hidden=\"true\" class=\"icon-mailbox\"><\/span>                                <\/div>\r\n                                <div class=\"contact-details__text\">\r\n                                    <p class=\"\">Email<\/p>                                    <h3>\r\n                                        <a href=\"mailto:informacion@empresassanpablo.com\">Clic Aqu\u00ed<\/a>                                    <\/h3>\r\n                                <\/div>\r\n                            <\/div>\r\n                        <\/div>\r\n                                            <div class=\"col-xl-3 col-lg-6 col-md-6\">\r\n                            <div class=\"contact-details__single contact-details__single-last\">\r\n                                <div class=\"contact-details__icon icon-svg\">\r\n                                    <span aria-hidden=\"true\" class=\"icon-maps-and-flags\"><\/span>                                <\/div>\r\n                                <div class=\"contact-details__text\">\r\n                                    <p class=\"\">Address<\/p>                                    <h3>\r\n                                        Carr. PR-129 Sur, Km 32, Bo. Buenos Aires, Lares, PR                                    <\/h3>\r\n                                <\/div>\r\n                            <\/div>\r\n                        <\/div>\r\n                                                    <div class=\"col-xl-3 col-lg-6 col-md-6\">\r\n                    <div class=\"contact-details__single\">\r\n                        <div class=\"contact-details__social\">\r\n                                                            <a class=\"icon-svg\" href=\"https:\/\/www.facebook.com\/empresassanpablo\">\r\n                                    <i aria-hidden=\"true\" class=\"fab fa-facebook-f\"><\/i>                                <\/a>\r\n                                                            <a class=\"icon-svg\" href=\"https:\/\/www.instagram.com\/empresassanpablo\">\r\n                                    <i aria-hidden=\"true\" class=\"fab fa-instagram\"><\/i>                                <\/a>\r\n                                                            <a class=\"icon-svg\" href=\"https:\/\/www.linkedin.com\/company\/empresas-agr%C3%ADcolas-san-pablo\/about\/\">\r\n                                    <i aria-hidden=\"true\" class=\"fab fa-linkedin\"><\/i>                                <\/a>\r\n                                                            <a class=\"icon-svg\" href=\"https:\/\/www.youtube.com\/@EmpresasSanPablo\">\r\n                                    <i aria-hidden=\"true\" class=\"fab fa-youtube-square\"><\/i>                                <\/a>\r\n                                                    <\/div>\r\n                    <\/div>\r\n                <\/div>\r\n            <\/div>\r\n        <\/div>\r\n    <\/div>\r\n\t\t\t\t<\/div>\n\t\t\t\t<\/div>\n\t\t\t\t\t<\/div>\n\t\t<\/div>\n\t\t\t\t\t<\/div>\n\t\t<\/section>\n\t\t\t\t<section class=\"elementor-section elementor-top-section elementor-element elementor-element-7a3c7ad elementor-section-full_width elementor-section-height-default elementor-section-height-default\" data-id=\"7a3c7ad\" data-element_type=\"section\" data-e-type=\"section\">\n\t\t\t\t\t\t<div class=\"elementor-container elementor-column-gap-no\">\n\t\t\t\t\t<div class=\"elementor-column elementor-col-100 elementor-top-column elementor-element elementor-element-672e0f5\" data-id=\"672e0f5\" data-element_type=\"column\" data-e-type=\"column\">\n\t\t\t<div class=\"elementor-widget-wrap elementor-element-populated\">\n\t\t\t\t\t\t<div class=\"elementor-element elementor-element-2a16ab6 elementor-widget elementor-widget-agrion-contact-form\" data-id=\"2a16ab6\" data-element_type=\"widget\" data-e-type=\"widget\" data-widget_type=\"agrion-contact-form.default\">\n\t\t\t\t<div class=\"elementor-widget-container\">\n\t\t\t\t\t\r\n    <!--Contact Two Start-->\r\n    <section class=\"contact-two\">\r\n        <div class=\"contact-two__shape-1 float-bob-x\">\r\n                    <\/div>\r\n        <div class=\"container\">\r\n                            <div class=\"section-title text-center\">\r\n                    <span class=\"section-title__tagline\">WRITE TO US<\/span><h2 class=\"section-title__title\">Need More Information?<\/h2>                    <div class=\"section-title__icon\">\r\n                                            <\/div>\r\n                <\/div>\r\n                        <div class=\"contact-two__form-box\">\r\n                <div class=\"wpcf7 no-js\" id=\"wpcf7-f549-o1\" lang=\"en-US\" dir=\"ltr\" data-wpcf7-id=\"549\">\n<div class=\"screen-reader-response\"><p role=\"status\" aria-live=\"polite\" aria-atomic=\"true\"><\/p> <ul><\/ul><\/div>\n<form action=\"\/en\/wp-json\/wp\/v2\/pages\/3226#wpcf7-f549-o1\" method=\"post\" class=\"wpcf7-form init\" aria-label=\"Contact form\" novalidate=\"novalidate\" data-status=\"init\" data-trp-original-action=\"\/en\/wp-json\/wp\/v2\/pages\/3226#wpcf7-f549-o1\">\n<fieldset class=\"hidden-fields-container\"><input type=\"hidden\" name=\"_wpcf7\" value=\"549\" \/><input type=\"hidden\" name=\"_wpcf7_version\" value=\"6.1.5\" \/><input type=\"hidden\" name=\"_wpcf7_locale\" value=\"en_US\" \/><input type=\"hidden\" name=\"_wpcf7_unit_tag\" value=\"wpcf7-f549-o1\" \/><input type=\"hidden\" name=\"_wpcf7_container_post\" value=\"0\" \/><input type=\"hidden\" name=\"_wpcf7_posted_data_hash\" value=\"\" \/>\n<\/fieldset>\n<div class=\"row\">\n    <div class=\"col-xl-6\">\n        <div class=\"contact-form__input-box\">\n            <span class=\"wpcf7-form-control-wrap\" data-name=\"name\"><input size=\"40\" maxlength=\"400\" class=\"wpcf7-form-control wpcf7-text wpcf7-validates-as-required\" aria-required=\"true\" aria-invalid=\"false\" placeholder=\"Your Name\" value=\"\" type=\"text\" name=\"name\" \/><\/span>\n        <\/div>\n    <\/div>\n    <div class=\"col-xl-6\">\n        <div class=\"contact-form__input-box\">\n          <span class=\"wpcf7-form-control-wrap\" data-name=\"email\"><input size=\"40\" maxlength=\"400\" class=\"wpcf7-form-control wpcf7-email wpcf7-validates-as-required wpcf7-text wpcf7-validates-as-email\" aria-required=\"true\" aria-invalid=\"false\" placeholder=\"Email Address\" value=\"\" type=\"email\" name=\"email\" \/><\/span>\n        <\/div>\n    <\/div>\n    <div class=\"col-xl-6\">\n        <div class=\"contact-form__input-box\">\n            <span class=\"wpcf7-form-control-wrap\" data-name=\"phone\"><input size=\"40\" maxlength=\"400\" class=\"wpcf7-form-control wpcf7-text wpcf7-validates-as-required\" aria-required=\"true\" aria-invalid=\"false\" placeholder=\"Phone Number\" value=\"\" type=\"text\" name=\"phone\" \/><\/span>\n        <\/div>\n    <\/div>\n    <div class=\"col-xl-6\">\n        <div class=\"contact-form__input-box\">\n             <span class=\"wpcf7-form-control-wrap\" data-name=\"Subject\"><input size=\"40\" maxlength=\"400\" class=\"wpcf7-form-control wpcf7-text wpcf7-validates-as-required\" aria-required=\"true\" aria-invalid=\"false\" value=\"Subject\" type=\"text\" name=\"Subject\" \/><\/span> \n        <\/div>\n    <\/div>\n<\/div>\n<div class=\"row\">\n    <div class=\"col-xl-12\">\n        <div class=\"contact-form__input-box text-message-box\">\n            <span class=\"wpcf7-form-control-wrap\" data-name=\"message\"><textarea cols=\"40\" rows=\"10\" maxlength=\"2000\" class=\"wpcf7-form-control wpcf7-textarea wpcf7-validates-as-required\" aria-required=\"true\" aria-invalid=\"false\" placeholder=\"Write a Comment\" name=\"message\"><\/textarea><\/span>\n        <\/div>\n        <div class=\"contact-form__btn-box\">\n            <button class=\"thm-btn contact-two__btn\">Send a Message<i\n                    class=\"icon-right-arrow\"><\/i> <\/button>\n        <\/div>\n    <\/div>\n<\/div><div class=\"wpcf7-response-output\" aria-hidden=\"true\"><\/div>\n<input type=\"hidden\" name=\"trp-form-language\" value=\"en\"\/><\/form>\n<\/div>            <\/div>\r\n        <\/div>\r\n    <\/section>\r\n    <!--Contact Two End-->\r\n\r\n\t\t\t\t<\/div>\n\t\t\t\t<\/div>\n\t\t\t\t\t<\/div>\n\t\t<\/div>\n\t\t\t\t\t<\/div>\n\t\t<\/section>\n\t\t\t\t<\/div>","protected":false},"excerpt":{"rendered":"<p>Cont\u00e1ctanos 787-897-7745787-897-8686 Correo Electr\u00f3nico Clic Aqu\u00ed Direcci\u00f3n Carr. PR-129 Sur, Km 32, Bo. Buenos Aires, Lares, PR ESCR\u00cdBENOS \u00bfNecesitas m\u00e1s informaci\u00f3n? ENVIAR MENSAJE<\/p>","protected":false},"author":4,"featured_media":0,"parent":0,"menu_order":0,"comment_status":"closed","ping_status":"closed","template":"elementor_header_footer","meta":{"footnotes":""},"class_list":["post-3226","page","type-page","status-publish","hentry"],"yoast_head":"<!-- This site is optimized with the Yoast SEO plugin v27.4 - https:\/\/yoast.com\/product\/yoast-seo-wordpress\/ -->\n<title>Contacto - Empresas Agr\u00edcolas San Pablo<\/title>\n<meta name=\"robots\" content=\"index, follow, max-snippet:-1, max-image-preview:large, max-video-preview:-1\" \/>\n<link rel=\"canonical\" href=\"https:\/\/empresassanpablo.com\/en\/contacto\/\" \/>\n<meta property=\"og:locale\" content=\"en_US\" \/>\n<meta property=\"og:type\" content=\"article\" \/>\n<meta property=\"og:title\" content=\"Contacto - Empresas Agr\u00edcolas San Pablo\" \/>\n<meta property=\"og:description\" content=\"Cont\u00e1ctanos 787-897-7745787-897-8686 Correo Electr\u00f3nico Clic Aqu\u00ed Direcci\u00f3n Carr. PR-129 Sur, Km 32, Bo. Buenos Aires, Lares, PR ESCR\u00cdBENOS \u00bfNecesitas m\u00e1s informaci\u00f3n? ENVIAR MENSAJE\" \/>\n<meta property=\"og:url\" content=\"https:\/\/empresassanpablo.com\/en\/contacto\/\" \/>\n<meta property=\"og:site_name\" content=\"Empresas Agr\u00edcolas San Pablo\" \/>\n<meta name=\"twitter:card\" content=\"summary_large_image\" \/>\n<script type=\"application\/ld+json\" class=\"yoast-schema-graph\">{\"@context\":\"https:\\\/\\\/schema.org\",\"@graph\":[{\"@type\":\"WebPage\",\"@id\":\"https:\\\/\\\/empresassanpablo.com\\\/contacto\\\/\",\"url\":\"https:\\\/\\\/empresassanpablo.com\\\/contacto\\\/\",\"name\":\"Contacto - Empresas Agr\u00edcolas San Pablo\",\"isPartOf\":{\"@id\":\"https:\\\/\\\/empresassanpablo.com\\\/#website\"},\"datePublished\":\"2023-01-23T07:44:15+00:00\",\"breadcrumb\":{\"@id\":\"https:\\\/\\\/empresassanpablo.com\\\/contacto\\\/#breadcrumb\"},\"inLanguage\":\"en-US\",\"potentialAction\":[{\"@type\":\"ReadAction\",\"target\":[\"https:\\\/\\\/empresassanpablo.com\\\/contacto\\\/\"]}]},{\"@type\":\"BreadcrumbList\",\"@id\":\"https:\\\/\\\/empresassanpablo.com\\\/contacto\\\/#breadcrumb\",\"itemListElement\":[{\"@type\":\"ListItem\",\"position\":1,\"name\":\"Portada\",\"item\":\"https:\\\/\\\/empresassanpablo.com\\\/\"},{\"@type\":\"ListItem\",\"position\":2,\"name\":\"Contacto\"}]},{\"@type\":\"WebSite\",\"@id\":\"https:\\\/\\\/empresassanpablo.com\\\/#website\",\"url\":\"https:\\\/\\\/empresassanpablo.com\\\/\",\"name\":\"Empresas Agr\u00edcolas San Pablo\",\"description\":\"Su mejor alternativa de Insumos Agr\u00edcolas e Invernaderos en Puerto Rico\",\"publisher\":{\"@id\":\"https:\\\/\\\/empresassanpablo.com\\\/#organization\"},\"potentialAction\":[{\"@type\":\"SearchAction\",\"target\":{\"@type\":\"EntryPoint\",\"urlTemplate\":\"https:\\\/\\\/empresassanpablo.com\\\/?s={search_term_string}\"},\"query-input\":{\"@type\":\"PropertyValueSpecification\",\"valueRequired\":true,\"valueName\":\"search_term_string\"}}],\"inLanguage\":\"en-US\"},{\"@type\":\"Organization\",\"@id\":\"https:\\\/\\\/empresassanpablo.com\\\/#organization\",\"name\":\"Empresas Agr\u00edcolas San Pablo\",\"url\":\"https:\\\/\\\/empresassanpablo.com\\\/\",\"logo\":{\"@type\":\"ImageObject\",\"inLanguage\":\"en-US\",\"@id\":\"https:\\\/\\\/empresassanpablo.com\\\/#\\\/schema\\\/logo\\\/image\\\/\",\"url\":\"https:\\\/\\\/empresassanpablo.com\\\/wp-content\\\/uploads\\\/2025\\\/09\\\/San-Pablo-Logo-Oficial.png\",\"contentUrl\":\"https:\\\/\\\/empresassanpablo.com\\\/wp-content\\\/uploads\\\/2025\\\/09\\\/San-Pablo-Logo-Oficial.png\",\"width\":122,\"height\":122,\"caption\":\"Empresas Agr\u00edcolas San Pablo\"},\"image\":{\"@id\":\"https:\\\/\\\/empresassanpablo.com\\\/#\\\/schema\\\/logo\\\/image\\\/\"}}]}<\/script>\n<!-- \/ Yoast SEO plugin. -->","yoast_head_json":{"title":"Contacto - Empresas Agr\u00edcolas San Pablo","robots":{"index":"index","follow":"follow","max-snippet":"max-snippet:-1","max-image-preview":"max-image-preview:large","max-video-preview":"max-video-preview:-1"},"canonical":"https:\/\/empresassanpablo.com\/en\/contacto\/","og_locale":"en_US","og_type":"article","og_title":"Contacto - Empresas Agr\u00edcolas San Pablo","og_description":"Cont\u00e1ctanos 787-897-7745787-897-8686 Correo Electr\u00f3nico Clic Aqu\u00ed Direcci\u00f3n Carr. PR-129 Sur, Km 32, Bo. Buenos Aires, Lares, PR ESCR\u00cdBENOS \u00bfNecesitas m\u00e1s informaci\u00f3n? ENVIAR MENSAJE","og_url":"https:\/\/empresassanpablo.com\/en\/contacto\/","og_site_name":"Empresas Agr\u00edcolas San Pablo","twitter_card":"summary_large_image","schema":{"@context":"https:\/\/schema.org","@graph":[{"@type":"WebPage","@id":"https:\/\/empresassanpablo.com\/contacto\/","url":"https:\/\/empresassanpablo.com\/contacto\/","name":"Contacto - Empresas Agr\u00edcolas San Pablo","isPartOf":{"@id":"https:\/\/empresassanpablo.com\/#website"},"datePublished":"2023-01-23T07:44:15+00:00","breadcrumb":{"@id":"https:\/\/empresassanpablo.com\/contacto\/#breadcrumb"},"inLanguage":"en-US","potentialAction":[{"@type":"ReadAction","target":["https:\/\/empresassanpablo.com\/contacto\/"]}]},{"@type":"BreadcrumbList","@id":"https:\/\/empresassanpablo.com\/contacto\/#breadcrumb","itemListElement":[{"@type":"ListItem","position":1,"name":"Portada","item":"https:\/\/empresassanpablo.com\/"},{"@type":"ListItem","position":2,"name":"Contacto"}]},{"@type":"WebSite","@id":"https:\/\/empresassanpablo.com\/#website","url":"https:\/\/empresassanpablo.com\/","name":"Empresas Agr\u00edcolas San Pablo","description":"Su mejor alternativa de Insumos Agr\u00edcolas e Invernaderos en Puerto Rico","publisher":{"@id":"https:\/\/empresassanpablo.com\/#organization"},"potentialAction":[{"@type":"SearchAction","target":{"@type":"EntryPoint","urlTemplate":"https:\/\/empresassanpablo.com\/?s={search_term_string}"},"query-input":{"@type":"PropertyValueSpecification","valueRequired":true,"valueName":"search_term_string"}}],"inLanguage":"en-US"},{"@type":"Organization","@id":"https:\/\/empresassanpablo.com\/#organization","name":"Empresas Agr\u00edcolas San Pablo","url":"https:\/\/empresassanpablo.com\/","logo":{"@type":"ImageObject","inLanguage":"en-US","@id":"https:\/\/empresassanpablo.com\/#\/schema\/logo\/image\/","url":"https:\/\/empresassanpablo.com\/wp-content\/uploads\/2025\/09\/San-Pablo-Logo-Oficial.png","contentUrl":"https:\/\/empresassanpablo.com\/wp-content\/uploads\/2025\/09\/San-Pablo-Logo-Oficial.png","width":122,"height":122,"caption":"Empresas Agr\u00edcolas San Pablo"},"image":{"@id":"https:\/\/empresassanpablo.com\/#\/schema\/logo\/image\/"}}]}},"_links":{"self":[{"href":"https:\/\/empresassanpablo.com\/en\/wp-json\/wp\/v2\/pages\/3226","targetHints":{"allow":["GET"]}}],"collection":[{"href":"https:\/\/empresassanpablo.com\/en\/wp-json\/wp\/v2\/pages"}],"about":[{"href":"https:\/\/empresassanpablo.com\/en\/wp-json\/wp\/v2\/types\/page"}],"author":[{"embeddable":true,"href":"https:\/\/empresassanpablo.com\/en\/wp-json\/wp\/v2\/users\/4"}],"replies":[{"embeddable":true,"href":"https:\/\/empresassanpablo.com\/en\/wp-json\/wp\/v2\/comments?post=3226"}],"version-history":[{"count":0,"href":"https:\/\/empresassanpablo.com\/en\/wp-json\/wp\/v2\/pages\/3226\/revisions"}],"wp:attachment":[{"href":"https:\/\/empresassanpablo.com\/en\/wp-json\/wp\/v2\/media?parent=3226"}],"curies":[{"name":"wp","href":"https:\/\/api.w.org\/{rel}","templated":true}]}}