{"id":3379,"date":"2025-10-30T09:33:30","date_gmt":"2025-10-30T13:33:30","guid":{"rendered":"https:\/\/empresassanpablo.com\/?post_type=product&#038;p=3379"},"modified":"2025-10-30T09:33:31","modified_gmt":"2025-10-30T13:33:31","slug":"espuma-agricola","status":"publish","type":"product","link":"https:\/\/empresassanpablo.com\/en\/product\/espuma-agricola\/","title":{"rendered":"Espuma Agr\u00edcola"},"content":{"rendered":"<p>La espuma agr\u00edcola PeatFoam\u00ae Growing Medium es un sustrato innovador, ligero y est\u00e9ril, dise\u00f1ado para germinaci\u00f3n, propagaci\u00f3n y producci\u00f3n profesional en todo tipo de sistemas agr\u00edcolas. Su estructura porosa retiene la humedad \u00f3ptima, acelera el enraizamiento y es completamente biodegradable y sostenible. Ideal para viveros, horticultores y agricultores hidrop\u00f3nicos que buscan eficiencia, limpieza y alto rendimiento.<\/p>","protected":false},"excerpt":{"rendered":"<p>La espuma agr\u00edcola PeatFoam\u00ae Growing Medium es un sustrato innovador, ligero y est\u00e9ril, dise\u00f1ado para germinaci\u00f3n, propagaci\u00f3n y producci\u00f3n profesional en todo tipo de sistemas agr\u00edcolas. Su estructura porosa retiene la humedad \u00f3ptima, acelera el enraizamiento y es completamente biodegradable y sostenible. Ideal para viveros, horticultores y agricultores hidrop\u00f3nicos que buscan eficiencia, limpieza y alto [&hellip;]<\/p>\n","protected":false},"featured_media":3313,"comment_status":"open","ping_status":"closed","template":"","meta":[],"product_brand":[],"product_cat":[54],"product_tag":[],"class_list":{"0":"post-3379","1":"product","2":"type-product","3":"status-publish","4":"has-post-thumbnail","6":"product_cat-sustratos","8":"first","9":"instock","10":"taxable","11":"shipping-taxable","12":"product-type-simple"},"yoast_head":"<!-- This site is optimized with the Yoast SEO plugin v27.4 - https:\/\/yoast.com\/product\/yoast-seo-wordpress\/ -->\n<title>Espuma Agr\u00edcola - Empresas Agr\u00edcolas San Pablo<\/title>\n<meta name=\"robots\" content=\"index, follow, max-snippet:-1, max-image-preview:large, max-video-preview:-1\" \/>\n<link rel=\"canonical\" href=\"https:\/\/empresassanpablo.com\/en\/product\/espuma-agricola\/\" \/>\n<meta property=\"og:locale\" content=\"en_US\" \/>\n<meta property=\"og:type\" content=\"article\" \/>\n<meta property=\"og:title\" content=\"Espuma Agr\u00edcola - Empresas Agr\u00edcolas San Pablo\" \/>\n<meta property=\"og:description\" content=\"La espuma agr\u00edcola PeatFoam\u00ae Growing Medium es un sustrato innovador, ligero y est\u00e9ril, dise\u00f1ado para germinaci\u00f3n, propagaci\u00f3n y producci\u00f3n profesional en todo tipo de sistemas agr\u00edcolas. Su estructura porosa retiene la humedad \u00f3ptima, acelera el enraizamiento y es completamente biodegradable y sostenible. Ideal para viveros, horticultores y agricultores hidrop\u00f3nicos que buscan eficiencia, limpieza y alto [&hellip;]\" \/>\n<meta property=\"og:url\" content=\"https:\/\/empresassanpablo.com\/en\/product\/espuma-agricola\/\" \/>\n<meta property=\"og:site_name\" content=\"Empresas Agr\u00edcolas San Pablo\" \/>\n<meta property=\"article:modified_time\" content=\"2025-10-30T13:33:31+00:00\" \/>\n<meta property=\"og:image\" content=\"https:\/\/empresassanpablo.com\/wp-content\/uploads\/2025\/09\/Peatfoam-Growing-Medium-Espuma-Agricola.jpg\" \/>\n\t<meta property=\"og:image:width\" content=\"560\" \/>\n\t<meta property=\"og:image:height\" content=\"570\" \/>\n\t<meta property=\"og:image:type\" content=\"image\/jpeg\" \/>\n<meta name=\"twitter:card\" content=\"summary_large_image\" \/>\n<script type=\"application\/ld+json\" class=\"yoast-schema-graph\">{\"@context\":\"https:\\\/\\\/schema.org\",\"@graph\":[{\"@type\":\"WebPage\",\"@id\":\"https:\\\/\\\/empresassanpablo.com\\\/product\\\/espuma-agricola\\\/\",\"url\":\"https:\\\/\\\/empresassanpablo.com\\\/product\\\/espuma-agricola\\\/\",\"name\":\"Espuma Agr\u00edcola - Empresas Agr\u00edcolas San Pablo\",\"isPartOf\":{\"@id\":\"https:\\\/\\\/empresassanpablo.com\\\/#website\"},\"primaryImageOfPage\":{\"@id\":\"https:\\\/\\\/empresassanpablo.com\\\/product\\\/espuma-agricola\\\/#primaryimage\"},\"image\":{\"@id\":\"https:\\\/\\\/empresassanpablo.com\\\/product\\\/espuma-agricola\\\/#primaryimage\"},\"thumbnailUrl\":\"https:\\\/\\\/empresassanpablo.com\\\/wp-content\\\/uploads\\\/2025\\\/09\\\/Peatfoam-Growing-Medium-Espuma-Agricola.jpg\",\"datePublished\":\"2025-10-30T13:33:30+00:00\",\"dateModified\":\"2025-10-30T13:33:31+00:00\",\"breadcrumb\":{\"@id\":\"https:\\\/\\\/empresassanpablo.com\\\/product\\\/espuma-agricola\\\/#breadcrumb\"},\"inLanguage\":\"en-US\",\"potentialAction\":[{\"@type\":\"ReadAction\",\"target\":[\"https:\\\/\\\/empresassanpablo.com\\\/product\\\/espuma-agricola\\\/\"]}]},{\"@type\":\"ImageObject\",\"inLanguage\":\"en-US\",\"@id\":\"https:\\\/\\\/empresassanpablo.com\\\/product\\\/espuma-agricola\\\/#primaryimage\",\"url\":\"https:\\\/\\\/empresassanpablo.com\\\/wp-content\\\/uploads\\\/2025\\\/09\\\/Peatfoam-Growing-Medium-Espuma-Agricola.jpg\",\"contentUrl\":\"https:\\\/\\\/empresassanpablo.com\\\/wp-content\\\/uploads\\\/2025\\\/09\\\/Peatfoam-Growing-Medium-Espuma-Agricola.jpg\",\"width\":560,\"height\":570},{\"@type\":\"BreadcrumbList\",\"@id\":\"https:\\\/\\\/empresassanpablo.com\\\/product\\\/espuma-agricola\\\/#breadcrumb\",\"itemListElement\":[{\"@type\":\"ListItem\",\"position\":1,\"name\":\"Portada\",\"item\":\"https:\\\/\\\/empresassanpablo.com\\\/\"},{\"@type\":\"ListItem\",\"position\":2,\"name\":\"Productos Shop\",\"item\":\"https:\\\/\\\/empresassanpablo.com\\\/productos-shop\\\/\"},{\"@type\":\"ListItem\",\"position\":3,\"name\":\"Espuma Agr\u00edcola\"}]},{\"@type\":\"WebSite\",\"@id\":\"https:\\\/\\\/empresassanpablo.com\\\/#website\",\"url\":\"https:\\\/\\\/empresassanpablo.com\\\/\",\"name\":\"Empresas Agr\u00edcolas San Pablo\",\"description\":\"Su mejor alternativa de Insumos Agr\u00edcolas e Invernaderos en Puerto Rico\",\"publisher\":{\"@id\":\"https:\\\/\\\/empresassanpablo.com\\\/#organization\"},\"potentialAction\":[{\"@type\":\"SearchAction\",\"target\":{\"@type\":\"EntryPoint\",\"urlTemplate\":\"https:\\\/\\\/empresassanpablo.com\\\/?s={search_term_string}\"},\"query-input\":{\"@type\":\"PropertyValueSpecification\",\"valueRequired\":true,\"valueName\":\"search_term_string\"}}],\"inLanguage\":\"en-US\"},{\"@type\":\"Organization\",\"@id\":\"https:\\\/\\\/empresassanpablo.com\\\/#organization\",\"name\":\"Empresas Agr\u00edcolas San Pablo\",\"url\":\"https:\\\/\\\/empresassanpablo.com\\\/\",\"logo\":{\"@type\":\"ImageObject\",\"inLanguage\":\"en-US\",\"@id\":\"https:\\\/\\\/empresassanpablo.com\\\/#\\\/schema\\\/logo\\\/image\\\/\",\"url\":\"https:\\\/\\\/empresassanpablo.com\\\/wp-content\\\/uploads\\\/2025\\\/09\\\/San-Pablo-Logo-Oficial.png\",\"contentUrl\":\"https:\\\/\\\/empresassanpablo.com\\\/wp-content\\\/uploads\\\/2025\\\/09\\\/San-Pablo-Logo-Oficial.png\",\"width\":122,\"height\":122,\"caption\":\"Empresas Agr\u00edcolas San Pablo\"},\"image\":{\"@id\":\"https:\\\/\\\/empresassanpablo.com\\\/#\\\/schema\\\/logo\\\/image\\\/\"}}]}<\/script>\n<!-- \/ Yoast SEO plugin. -->","yoast_head_json":{"title":"Espuma Agr\u00edcola - Empresas Agr\u00edcolas San Pablo","robots":{"index":"index","follow":"follow","max-snippet":"max-snippet:-1","max-image-preview":"max-image-preview:large","max-video-preview":"max-video-preview:-1"},"canonical":"https:\/\/empresassanpablo.com\/en\/product\/espuma-agricola\/","og_locale":"en_US","og_type":"article","og_title":"Espuma Agr\u00edcola - Empresas Agr\u00edcolas San Pablo","og_description":"La espuma agr\u00edcola PeatFoam\u00ae Growing Medium es un sustrato innovador, ligero y est\u00e9ril, dise\u00f1ado para germinaci\u00f3n, propagaci\u00f3n y producci\u00f3n profesional en todo tipo de sistemas agr\u00edcolas. Su estructura porosa retiene la humedad \u00f3ptima, acelera el enraizamiento y es completamente biodegradable y sostenible. Ideal para viveros, horticultores y agricultores hidrop\u00f3nicos que buscan eficiencia, limpieza y alto [&hellip;]","og_url":"https:\/\/empresassanpablo.com\/en\/product\/espuma-agricola\/","og_site_name":"Empresas Agr\u00edcolas San Pablo","article_modified_time":"2025-10-30T13:33:31+00:00","og_image":[{"width":560,"height":570,"url":"https:\/\/empresassanpablo.com\/wp-content\/uploads\/2025\/09\/Peatfoam-Growing-Medium-Espuma-Agricola.jpg","type":"image\/jpeg"}],"twitter_card":"summary_large_image","schema":{"@context":"https:\/\/schema.org","@graph":[{"@type":"WebPage","@id":"https:\/\/empresassanpablo.com\/product\/espuma-agricola\/","url":"https:\/\/empresassanpablo.com\/product\/espuma-agricola\/","name":"Espuma Agr\u00edcola - Empresas Agr\u00edcolas San Pablo","isPartOf":{"@id":"https:\/\/empresassanpablo.com\/#website"},"primaryImageOfPage":{"@id":"https:\/\/empresassanpablo.com\/product\/espuma-agricola\/#primaryimage"},"image":{"@id":"https:\/\/empresassanpablo.com\/product\/espuma-agricola\/#primaryimage"},"thumbnailUrl":"https:\/\/empresassanpablo.com\/wp-content\/uploads\/2025\/09\/Peatfoam-Growing-Medium-Espuma-Agricola.jpg","datePublished":"2025-10-30T13:33:30+00:00","dateModified":"2025-10-30T13:33:31+00:00","breadcrumb":{"@id":"https:\/\/empresassanpablo.com\/product\/espuma-agricola\/#breadcrumb"},"inLanguage":"en-US","potentialAction":[{"@type":"ReadAction","target":["https:\/\/empresassanpablo.com\/product\/espuma-agricola\/"]}]},{"@type":"ImageObject","inLanguage":"en-US","@id":"https:\/\/empresassanpablo.com\/product\/espuma-agricola\/#primaryimage","url":"https:\/\/empresassanpablo.com\/wp-content\/uploads\/2025\/09\/Peatfoam-Growing-Medium-Espuma-Agricola.jpg","contentUrl":"https:\/\/empresassanpablo.com\/wp-content\/uploads\/2025\/09\/Peatfoam-Growing-Medium-Espuma-Agricola.jpg","width":560,"height":570},{"@type":"BreadcrumbList","@id":"https:\/\/empresassanpablo.com\/product\/espuma-agricola\/#breadcrumb","itemListElement":[{"@type":"ListItem","position":1,"name":"Portada","item":"https:\/\/empresassanpablo.com\/"},{"@type":"ListItem","position":2,"name":"Productos Shop","item":"https:\/\/empresassanpablo.com\/productos-shop\/"},{"@type":"ListItem","position":3,"name":"Espuma Agr\u00edcola"}]},{"@type":"WebSite","@id":"https:\/\/empresassanpablo.com\/#website","url":"https:\/\/empresassanpablo.com\/","name":"Empresas Agr\u00edcolas San Pablo","description":"Su mejor alternativa de Insumos Agr\u00edcolas e Invernaderos en Puerto Rico","publisher":{"@id":"https:\/\/empresassanpablo.com\/#organization"},"potentialAction":[{"@type":"SearchAction","target":{"@type":"EntryPoint","urlTemplate":"https:\/\/empresassanpablo.com\/?s={search_term_string}"},"query-input":{"@type":"PropertyValueSpecification","valueRequired":true,"valueName":"search_term_string"}}],"inLanguage":"en-US"},{"@type":"Organization","@id":"https:\/\/empresassanpablo.com\/#organization","name":"Empresas Agr\u00edcolas San Pablo","url":"https:\/\/empresassanpablo.com\/","logo":{"@type":"ImageObject","inLanguage":"en-US","@id":"https:\/\/empresassanpablo.com\/#\/schema\/logo\/image\/","url":"https:\/\/empresassanpablo.com\/wp-content\/uploads\/2025\/09\/San-Pablo-Logo-Oficial.png","contentUrl":"https:\/\/empresassanpablo.com\/wp-content\/uploads\/2025\/09\/San-Pablo-Logo-Oficial.png","width":122,"height":122,"caption":"Empresas Agr\u00edcolas San Pablo"},"image":{"@id":"https:\/\/empresassanpablo.com\/#\/schema\/logo\/image\/"}}]}},"_links":{"self":[{"href":"https:\/\/empresassanpablo.com\/en\/wp-json\/wp\/v2\/product\/3379","targetHints":{"allow":["GET"]}}],"collection":[{"href":"https:\/\/empresassanpablo.com\/en\/wp-json\/wp\/v2\/product"}],"about":[{"href":"https:\/\/empresassanpablo.com\/en\/wp-json\/wp\/v2\/types\/product"}],"replies":[{"embeddable":true,"href":"https:\/\/empresassanpablo.com\/en\/wp-json\/wp\/v2\/comments?post=3379"}],"wp:featuredmedia":[{"embeddable":true,"href":"https:\/\/empresassanpablo.com\/en\/wp-json\/wp\/v2\/media\/3313"}],"wp:attachment":[{"href":"https:\/\/empresassanpablo.com\/en\/wp-json\/wp\/v2\/media?parent=3379"}],"wp:term":[{"taxonomy":"product_brand","embeddable":true,"href":"https:\/\/empresassanpablo.com\/en\/wp-json\/wp\/v2\/product_brand?post=3379"},{"taxonomy":"product_cat","embeddable":true,"href":"https:\/\/empresassanpablo.com\/en\/wp-json\/wp\/v2\/product_cat?post=3379"},{"taxonomy":"product_tag","embeddable":true,"href":"https:\/\/empresassanpablo.com\/en\/wp-json\/wp\/v2\/product_tag?post=3379"}],"curies":[{"name":"wp","href":"https:\/\/api.w.org\/{rel}","templated":true}]}}