{"id":3387,"date":"2025-10-30T09:38:15","date_gmt":"2025-10-30T13:38:15","guid":{"rendered":"https:\/\/empresassanpablo.com\/?post_type=product&#038;p=3387"},"modified":"2025-10-30T09:38:16","modified_gmt":"2025-10-30T13:38:16","slug":"fertilizante-organico-de-lombriz","status":"publish","type":"product","link":"https:\/\/empresassanpablo.com\/en\/product\/fertilizante-organico-de-lombriz\/","title":{"rendered":"Fertilizante Org\u00e1nico de Lombriz"},"content":{"rendered":"<p>El fertilizante org\u00e1nico premium WiggleWorm Pure Worm Castings es 100% natural, libre de olores y rico en nutrientes esenciales para un crecimiento saludable. Ideal para huertos, jardiner\u00eda y cultivos agr\u00edcolas, mejora la estructura del suelo y estimula el desarrollo de vegetales, flores y plantas ornamentales. La opci\u00f3n perfecta para quienes buscan nutrici\u00f3n org\u00e1nica y resultados sostenibles.<\/p>","protected":false},"excerpt":{"rendered":"<p>El fertilizante org\u00e1nico premium WiggleWorm Pure Worm Castings es 100% natural, libre de olores y rico en nutrientes esenciales para un crecimiento saludable. Ideal para huertos, jardiner\u00eda y cultivos agr\u00edcolas, mejora la estructura del suelo y estimula el desarrollo de vegetales, flores y plantas ornamentales. La opci\u00f3n perfecta para quienes buscan nutrici\u00f3n org\u00e1nica y resultados [&hellip;]<\/p>\n","protected":false},"featured_media":3307,"comment_status":"open","ping_status":"closed","template":"","meta":[],"product_brand":[],"product_cat":[51],"product_tag":[],"class_list":{"0":"post-3387","1":"product","2":"type-product","3":"status-publish","4":"has-post-thumbnail","6":"product_cat-fertilizantes","8":"first","9":"instock","10":"taxable","11":"shipping-taxable","12":"product-type-simple"},"yoast_head":"<!-- This site is optimized with the Yoast SEO plugin v27.4 - https:\/\/yoast.com\/product\/yoast-seo-wordpress\/ -->\n<title>Fertilizante Org\u00e1nico de Lombriz - Empresas Agr\u00edcolas San Pablo<\/title>\n<meta name=\"robots\" content=\"index, follow, max-snippet:-1, max-image-preview:large, max-video-preview:-1\" \/>\n<link rel=\"canonical\" href=\"https:\/\/empresassanpablo.com\/en\/product\/fertilizante-organico-de-lombriz\/\" \/>\n<meta property=\"og:locale\" content=\"en_US\" \/>\n<meta property=\"og:type\" content=\"article\" \/>\n<meta property=\"og:title\" content=\"Fertilizante Org\u00e1nico de Lombriz - Empresas Agr\u00edcolas San Pablo\" \/>\n<meta property=\"og:description\" content=\"El fertilizante org\u00e1nico premium WiggleWorm Pure Worm Castings es 100% natural, libre de olores y rico en nutrientes esenciales para un crecimiento saludable. Ideal para huertos, jardiner\u00eda y cultivos agr\u00edcolas, mejora la estructura del suelo y estimula el desarrollo de vegetales, flores y plantas ornamentales. La opci\u00f3n perfecta para quienes buscan nutrici\u00f3n org\u00e1nica y resultados [&hellip;]\" \/>\n<meta property=\"og:url\" content=\"https:\/\/empresassanpablo.com\/en\/product\/fertilizante-organico-de-lombriz\/\" \/>\n<meta property=\"og:site_name\" content=\"Empresas Agr\u00edcolas San Pablo\" \/>\n<meta property=\"article:modified_time\" content=\"2025-10-30T13:38:16+00:00\" \/>\n<meta property=\"og:image\" content=\"https:\/\/empresassanpablo.com\/wp-content\/uploads\/2025\/09\/Wiggle-Worm-Soil-Builder-Pure-Worm-Castings-Fertilizante-Organico.jpg\" \/>\n\t<meta property=\"og:image:width\" content=\"560\" \/>\n\t<meta property=\"og:image:height\" content=\"570\" \/>\n\t<meta property=\"og:image:type\" content=\"image\/jpeg\" \/>\n<meta name=\"twitter:card\" content=\"summary_large_image\" \/>\n<meta name=\"twitter:label1\" content=\"Est. reading time\" \/>\n\t<meta name=\"twitter:data1\" content=\"1 minute\" \/>\n<script type=\"application\/ld+json\" class=\"yoast-schema-graph\">{\"@context\":\"https:\\\/\\\/schema.org\",\"@graph\":[{\"@type\":\"WebPage\",\"@id\":\"https:\\\/\\\/empresassanpablo.com\\\/product\\\/fertilizante-organico-de-lombriz\\\/\",\"url\":\"https:\\\/\\\/empresassanpablo.com\\\/product\\\/fertilizante-organico-de-lombriz\\\/\",\"name\":\"Fertilizante Org\u00e1nico de Lombriz - Empresas Agr\u00edcolas San Pablo\",\"isPartOf\":{\"@id\":\"https:\\\/\\\/empresassanpablo.com\\\/#website\"},\"primaryImageOfPage\":{\"@id\":\"https:\\\/\\\/empresassanpablo.com\\\/product\\\/fertilizante-organico-de-lombriz\\\/#primaryimage\"},\"image\":{\"@id\":\"https:\\\/\\\/empresassanpablo.com\\\/product\\\/fertilizante-organico-de-lombriz\\\/#primaryimage\"},\"thumbnailUrl\":\"https:\\\/\\\/empresassanpablo.com\\\/wp-content\\\/uploads\\\/2025\\\/09\\\/Wiggle-Worm-Soil-Builder-Pure-Worm-Castings-Fertilizante-Organico.jpg\",\"datePublished\":\"2025-10-30T13:38:15+00:00\",\"dateModified\":\"2025-10-30T13:38:16+00:00\",\"breadcrumb\":{\"@id\":\"https:\\\/\\\/empresassanpablo.com\\\/product\\\/fertilizante-organico-de-lombriz\\\/#breadcrumb\"},\"inLanguage\":\"en-US\",\"potentialAction\":[{\"@type\":\"ReadAction\",\"target\":[\"https:\\\/\\\/empresassanpablo.com\\\/product\\\/fertilizante-organico-de-lombriz\\\/\"]}]},{\"@type\":\"ImageObject\",\"inLanguage\":\"en-US\",\"@id\":\"https:\\\/\\\/empresassanpablo.com\\\/product\\\/fertilizante-organico-de-lombriz\\\/#primaryimage\",\"url\":\"https:\\\/\\\/empresassanpablo.com\\\/wp-content\\\/uploads\\\/2025\\\/09\\\/Wiggle-Worm-Soil-Builder-Pure-Worm-Castings-Fertilizante-Organico.jpg\",\"contentUrl\":\"https:\\\/\\\/empresassanpablo.com\\\/wp-content\\\/uploads\\\/2025\\\/09\\\/Wiggle-Worm-Soil-Builder-Pure-Worm-Castings-Fertilizante-Organico.jpg\",\"width\":560,\"height\":570},{\"@type\":\"BreadcrumbList\",\"@id\":\"https:\\\/\\\/empresassanpablo.com\\\/product\\\/fertilizante-organico-de-lombriz\\\/#breadcrumb\",\"itemListElement\":[{\"@type\":\"ListItem\",\"position\":1,\"name\":\"Portada\",\"item\":\"https:\\\/\\\/empresassanpablo.com\\\/\"},{\"@type\":\"ListItem\",\"position\":2,\"name\":\"Productos Shop\",\"item\":\"https:\\\/\\\/empresassanpablo.com\\\/productos-shop\\\/\"},{\"@type\":\"ListItem\",\"position\":3,\"name\":\"Fertilizante Org\u00e1nico de Lombriz\"}]},{\"@type\":\"WebSite\",\"@id\":\"https:\\\/\\\/empresassanpablo.com\\\/#website\",\"url\":\"https:\\\/\\\/empresassanpablo.com\\\/\",\"name\":\"Empresas Agr\u00edcolas San Pablo\",\"description\":\"Su mejor alternativa de Insumos Agr\u00edcolas e Invernaderos en Puerto Rico\",\"publisher\":{\"@id\":\"https:\\\/\\\/empresassanpablo.com\\\/#organization\"},\"potentialAction\":[{\"@type\":\"SearchAction\",\"target\":{\"@type\":\"EntryPoint\",\"urlTemplate\":\"https:\\\/\\\/empresassanpablo.com\\\/?s={search_term_string}\"},\"query-input\":{\"@type\":\"PropertyValueSpecification\",\"valueRequired\":true,\"valueName\":\"search_term_string\"}}],\"inLanguage\":\"en-US\"},{\"@type\":\"Organization\",\"@id\":\"https:\\\/\\\/empresassanpablo.com\\\/#organization\",\"name\":\"Empresas Agr\u00edcolas San Pablo\",\"url\":\"https:\\\/\\\/empresassanpablo.com\\\/\",\"logo\":{\"@type\":\"ImageObject\",\"inLanguage\":\"en-US\",\"@id\":\"https:\\\/\\\/empresassanpablo.com\\\/#\\\/schema\\\/logo\\\/image\\\/\",\"url\":\"https:\\\/\\\/empresassanpablo.com\\\/wp-content\\\/uploads\\\/2025\\\/09\\\/San-Pablo-Logo-Oficial.png\",\"contentUrl\":\"https:\\\/\\\/empresassanpablo.com\\\/wp-content\\\/uploads\\\/2025\\\/09\\\/San-Pablo-Logo-Oficial.png\",\"width\":122,\"height\":122,\"caption\":\"Empresas Agr\u00edcolas San Pablo\"},\"image\":{\"@id\":\"https:\\\/\\\/empresassanpablo.com\\\/#\\\/schema\\\/logo\\\/image\\\/\"}}]}<\/script>\n<!-- \/ Yoast SEO plugin. -->","yoast_head_json":{"title":"Fertilizante Org\u00e1nico de Lombriz - Empresas Agr\u00edcolas San Pablo","robots":{"index":"index","follow":"follow","max-snippet":"max-snippet:-1","max-image-preview":"max-image-preview:large","max-video-preview":"max-video-preview:-1"},"canonical":"https:\/\/empresassanpablo.com\/en\/product\/fertilizante-organico-de-lombriz\/","og_locale":"en_US","og_type":"article","og_title":"Fertilizante Org\u00e1nico de Lombriz - Empresas Agr\u00edcolas San Pablo","og_description":"El fertilizante org\u00e1nico premium WiggleWorm Pure Worm Castings es 100% natural, libre de olores y rico en nutrientes esenciales para un crecimiento saludable. Ideal para huertos, jardiner\u00eda y cultivos agr\u00edcolas, mejora la estructura del suelo y estimula el desarrollo de vegetales, flores y plantas ornamentales. La opci\u00f3n perfecta para quienes buscan nutrici\u00f3n org\u00e1nica y resultados [&hellip;]","og_url":"https:\/\/empresassanpablo.com\/en\/product\/fertilizante-organico-de-lombriz\/","og_site_name":"Empresas Agr\u00edcolas San Pablo","article_modified_time":"2025-10-30T13:38:16+00:00","og_image":[{"width":560,"height":570,"url":"https:\/\/empresassanpablo.com\/wp-content\/uploads\/2025\/09\/Wiggle-Worm-Soil-Builder-Pure-Worm-Castings-Fertilizante-Organico.jpg","type":"image\/jpeg"}],"twitter_card":"summary_large_image","twitter_misc":{"Est. reading time":"1 minute"},"schema":{"@context":"https:\/\/schema.org","@graph":[{"@type":"WebPage","@id":"https:\/\/empresassanpablo.com\/product\/fertilizante-organico-de-lombriz\/","url":"https:\/\/empresassanpablo.com\/product\/fertilizante-organico-de-lombriz\/","name":"Fertilizante Org\u00e1nico de Lombriz - Empresas Agr\u00edcolas San Pablo","isPartOf":{"@id":"https:\/\/empresassanpablo.com\/#website"},"primaryImageOfPage":{"@id":"https:\/\/empresassanpablo.com\/product\/fertilizante-organico-de-lombriz\/#primaryimage"},"image":{"@id":"https:\/\/empresassanpablo.com\/product\/fertilizante-organico-de-lombriz\/#primaryimage"},"thumbnailUrl":"https:\/\/empresassanpablo.com\/wp-content\/uploads\/2025\/09\/Wiggle-Worm-Soil-Builder-Pure-Worm-Castings-Fertilizante-Organico.jpg","datePublished":"2025-10-30T13:38:15+00:00","dateModified":"2025-10-30T13:38:16+00:00","breadcrumb":{"@id":"https:\/\/empresassanpablo.com\/product\/fertilizante-organico-de-lombriz\/#breadcrumb"},"inLanguage":"en-US","potentialAction":[{"@type":"ReadAction","target":["https:\/\/empresassanpablo.com\/product\/fertilizante-organico-de-lombriz\/"]}]},{"@type":"ImageObject","inLanguage":"en-US","@id":"https:\/\/empresassanpablo.com\/product\/fertilizante-organico-de-lombriz\/#primaryimage","url":"https:\/\/empresassanpablo.com\/wp-content\/uploads\/2025\/09\/Wiggle-Worm-Soil-Builder-Pure-Worm-Castings-Fertilizante-Organico.jpg","contentUrl":"https:\/\/empresassanpablo.com\/wp-content\/uploads\/2025\/09\/Wiggle-Worm-Soil-Builder-Pure-Worm-Castings-Fertilizante-Organico.jpg","width":560,"height":570},{"@type":"BreadcrumbList","@id":"https:\/\/empresassanpablo.com\/product\/fertilizante-organico-de-lombriz\/#breadcrumb","itemListElement":[{"@type":"ListItem","position":1,"name":"Portada","item":"https:\/\/empresassanpablo.com\/"},{"@type":"ListItem","position":2,"name":"Productos Shop","item":"https:\/\/empresassanpablo.com\/productos-shop\/"},{"@type":"ListItem","position":3,"name":"Fertilizante Org\u00e1nico de Lombriz"}]},{"@type":"WebSite","@id":"https:\/\/empresassanpablo.com\/#website","url":"https:\/\/empresassanpablo.com\/","name":"Empresas Agr\u00edcolas San Pablo","description":"Su mejor alternativa de Insumos Agr\u00edcolas e Invernaderos en Puerto Rico","publisher":{"@id":"https:\/\/empresassanpablo.com\/#organization"},"potentialAction":[{"@type":"SearchAction","target":{"@type":"EntryPoint","urlTemplate":"https:\/\/empresassanpablo.com\/?s={search_term_string}"},"query-input":{"@type":"PropertyValueSpecification","valueRequired":true,"valueName":"search_term_string"}}],"inLanguage":"en-US"},{"@type":"Organization","@id":"https:\/\/empresassanpablo.com\/#organization","name":"Empresas Agr\u00edcolas San Pablo","url":"https:\/\/empresassanpablo.com\/","logo":{"@type":"ImageObject","inLanguage":"en-US","@id":"https:\/\/empresassanpablo.com\/#\/schema\/logo\/image\/","url":"https:\/\/empresassanpablo.com\/wp-content\/uploads\/2025\/09\/San-Pablo-Logo-Oficial.png","contentUrl":"https:\/\/empresassanpablo.com\/wp-content\/uploads\/2025\/09\/San-Pablo-Logo-Oficial.png","width":122,"height":122,"caption":"Empresas Agr\u00edcolas San Pablo"},"image":{"@id":"https:\/\/empresassanpablo.com\/#\/schema\/logo\/image\/"}}]}},"_links":{"self":[{"href":"https:\/\/empresassanpablo.com\/en\/wp-json\/wp\/v2\/product\/3387","targetHints":{"allow":["GET"]}}],"collection":[{"href":"https:\/\/empresassanpablo.com\/en\/wp-json\/wp\/v2\/product"}],"about":[{"href":"https:\/\/empresassanpablo.com\/en\/wp-json\/wp\/v2\/types\/product"}],"replies":[{"embeddable":true,"href":"https:\/\/empresassanpablo.com\/en\/wp-json\/wp\/v2\/comments?post=3387"}],"wp:featuredmedia":[{"embeddable":true,"href":"https:\/\/empresassanpablo.com\/en\/wp-json\/wp\/v2\/media\/3307"}],"wp:attachment":[{"href":"https:\/\/empresassanpablo.com\/en\/wp-json\/wp\/v2\/media?parent=3387"}],"wp:term":[{"taxonomy":"product_brand","embeddable":true,"href":"https:\/\/empresassanpablo.com\/en\/wp-json\/wp\/v2\/product_brand?post=3387"},{"taxonomy":"product_cat","embeddable":true,"href":"https:\/\/empresassanpablo.com\/en\/wp-json\/wp\/v2\/product_cat?post=3387"},{"taxonomy":"product_tag","embeddable":true,"href":"https:\/\/empresassanpablo.com\/en\/wp-json\/wp\/v2\/product_tag?post=3387"}],"curies":[{"name":"wp","href":"https:\/\/api.w.org\/{rel}","templated":true}]}}